{"id":986,"date":"2018-09-28T13:35:02","date_gmt":"2018-09-28T16:35:02","guid":{"rendered":"http:\/\/www2.icb.ufmg.br\/capi\/?page_id=986"},"modified":"2026-01-23T20:29:36","modified_gmt":"2026-01-23T23:29:36","slug":"cytation_5","status":"publish","type":"page","link":"https:\/\/www2.icb.ufmg.br\/capi\/?page_id=986","title":{"rendered":"Cytation 5 Cell Imaging- Biotek"},"content":{"rendered":"<p>O pesquisador interessado em utilizar o Centro dever\u00e1 preencher o formul\u00e1rio assumindo o compromisso de pagar pelos custos para a execu\u00e7\u00e3o das atividades, conforme tabela de valores dispon\u00edvel no site do CAPI (veja: \u00a0\u201c<a href=\"https:\/\/www2.icb.ufmg.br\/capi\/?page_id=63\">Taxa de Uso \u2013 Tabelas<\/a>\u201d). Ap\u00f3s a aprova\u00e7\u00e3o do seu pedido, o pesquisador deve agendar o treinamento, e quando tecnicamente capacitado para utilizar o equipamento poder\u00e1 fazer reserva utilizando o sistema de agendamento on-line.<\/p>\n<p>O usu\u00e1rio deve ser tecnicamente capacitado para utilizar os equipamentos e instala\u00e7\u00f5es do Centro e deve seguir as normas de reserva de hor\u00e1rio.<\/p>\n<h2><a href=\"http:\/\/www2.icb.ufmg.br\/capi\/?page_id=18\">Clique aqui para acessar o formul\u00e1rio para utilizar Cytation 5 Cell Imaging<\/a><\/h2>\n<h2><strong>CYTATION 5 CELL IMAGING- BIOTEK<\/strong><\/h2>\n<p>Para agendamento <a href=\"https:\/\/www2.icb.ufmg.br\/capi\/?page_id=992\">clique aqui<\/a>.<\/p>\n<ul>\n<li>N\u00ba patrim\u00f4nio UFMG: 01140527-9<\/li>\n<li>Valor de aquisi\u00e7\u00e3o: R$: 494.405,00<\/li>\n<li>Forma de aquisi\u00e7\u00e3o: Pr\u00f3-equipamentos<\/li>\n<li>Ano de aquisi\u00e7\u00e3o: 2013<\/li>\n<li>Proced\u00eancia: Estados Unidos da Am\u00e9rica<\/li>\n<li>Projeto coordenado pelos professores: Dawidson Assis Gomes<\/li>\n<\/ul>\n<p><strong>DESCRI\u00c7\u00c3O DO EQUIPAMENTO<\/strong><\/p>\n<p>O Cytation 5 \u00e9 um leitor h\u00edbrido multi-modal de placas microbiol\u00f3gicas, que inclui os modos de intensidade de fluoresc\u00eancia (FI), fluoresc\u00eancia polarizada (FP), fluoresc\u00eancia resolvida por tempo (TRF), luminesc\u00eancia, absorb\u00e2ncia de UV-visivel, imaging, and alpha. O leitor \u00e9 controlado pelo software Gen5, para a opera\u00e7\u00e3o, tratamento dos dados e an\u00e1lise.<\/p>\n<p>Para a aquisi\u00e7\u00e3o de imagens, apresenta as objetivas de 4x, 10x, 20x, 40x e 63x. Inclu\u00ed os filtros para fluoresc\u00eancia: Ex: 377 Em: 447 (DAPI), Ex: 469 Em: 525 (GFP), Ex: 531 Em: 593 (RFP) e Ex: 628 Em: 685 (Cy5).<\/p>\n<p>O fluor\u00edmetro apresenta os filtros: laranja e Cy5 ou se optar, utilizar os monocromadores.<\/p>\n<p><a href=\"https:\/\/i0.wp.com\/www2.icb.ufmg.br\/capi\/wp-content\/uploads\/2018\/09\/1466772897.5814_6_o.jpg\"><img data-recalc-dims=\"1\" loading=\"lazy\" decoding=\"async\" data-attachment-id=\"987\" data-permalink=\"https:\/\/www2.icb.ufmg.br\/capi\/?attachment_id=987\" data-orig-file=\"https:\/\/i0.wp.com\/www2.icb.ufmg.br\/capi\/wp-content\/uploads\/2018\/09\/1466772897.5814_6_o.jpg?fit=600%2C600&amp;ssl=1\" data-orig-size=\"600,600\" data-comments-opened=\"0\" data-image-meta=\"{&quot;aperture&quot;:&quot;0&quot;,&quot;credit&quot;:&quot;&quot;,&quot;camera&quot;:&quot;&quot;,&quot;caption&quot;:&quot;&quot;,&quot;created_timestamp&quot;:&quot;0&quot;,&quot;copyright&quot;:&quot;&quot;,&quot;focal_length&quot;:&quot;0&quot;,&quot;iso&quot;:&quot;0&quot;,&quot;shutter_speed&quot;:&quot;0&quot;,&quot;title&quot;:&quot;&quot;,&quot;orientation&quot;:&quot;0&quot;}\" data-image-title=\"1466772897.5814_6_o\" data-image-description=\"\" data-image-caption=\"\" data-medium-file=\"https:\/\/i0.wp.com\/www2.icb.ufmg.br\/capi\/wp-content\/uploads\/2018\/09\/1466772897.5814_6_o.jpg?fit=300%2C300&amp;ssl=1\" data-large-file=\"https:\/\/i0.wp.com\/www2.icb.ufmg.br\/capi\/wp-content\/uploads\/2018\/09\/1466772897.5814_6_o.jpg?fit=600%2C600&amp;ssl=1\" class=\"alignnone size-medium wp-image-987\" src=\"https:\/\/i0.wp.com\/www2.icb.ufmg.br\/capi\/wp-content\/uploads\/2018\/09\/1466772897.5814_6_o.jpg?resize=300%2C300\" alt=\"\" width=\"300\" height=\"300\" srcset=\"https:\/\/i0.wp.com\/www2.icb.ufmg.br\/capi\/wp-content\/uploads\/2018\/09\/1466772897.5814_6_o.jpg?resize=300%2C300&amp;ssl=1 300w, https:\/\/i0.wp.com\/www2.icb.ufmg.br\/capi\/wp-content\/uploads\/2018\/09\/1466772897.5814_6_o.jpg?resize=150%2C150&amp;ssl=1 150w, https:\/\/i0.wp.com\/www2.icb.ufmg.br\/capi\/wp-content\/uploads\/2018\/09\/1466772897.5814_6_o.jpg?w=600&amp;ssl=1 600w\" sizes=\"auto, (max-width: 300px) 100vw, 300px\" \/><\/a><\/p>\n<p><a href=\"http:\/\/www2.icb.ufmg.br\/capi\/wp-content\/uploads\/2018\/09\/POP-Cytation-5_-setembro_2018.pdf\">POP Cytation 5<\/a><\/p>\n","protected":false},"excerpt":{"rendered":"<p>O pesquisador interessado em utilizar o Centro dever\u00e1 preencher o formul\u00e1rio assumindo o compromisso de pagar pelos custos para a execu\u00e7\u00e3o das atividades, conforme tabela de valores dispon\u00edvel no site do CAPI (veja: \u00a0\u201cTaxa de Uso \u2013 Tabelas\u201d). Ap\u00f3s a aprova\u00e7\u00e3o do seu pedido, o pesquisador deve agendar o treinamento, e quando tecnicamente capacitado para [&hellip;]<\/p>\n","protected":false},"author":1,"featured_media":0,"parent":0,"menu_order":0,"comment_status":"closed","ping_status":"closed","template":"","meta":{"jetpack_post_was_ever_published":false,"footnotes":""},"class_list":["post-986","page","type-page","status-publish","hentry"],"jetpack_sharing_enabled":true,"jetpack_shortlink":"https:\/\/wp.me\/P6bplh-fU","jetpack-related-posts":[],"_links":{"self":[{"href":"https:\/\/www2.icb.ufmg.br\/capi\/index.php?rest_route=\/wp\/v2\/pages\/986","targetHints":{"allow":["GET"]}}],"collection":[{"href":"https:\/\/www2.icb.ufmg.br\/capi\/index.php?rest_route=\/wp\/v2\/pages"}],"about":[{"href":"https:\/\/www2.icb.ufmg.br\/capi\/index.php?rest_route=\/wp\/v2\/types\/page"}],"author":[{"embeddable":true,"href":"https:\/\/www2.icb.ufmg.br\/capi\/index.php?rest_route=\/wp\/v2\/users\/1"}],"replies":[{"embeddable":true,"href":"https:\/\/www2.icb.ufmg.br\/capi\/index.php?rest_route=%2Fwp%2Fv2%2Fcomments&post=986"}],"version-history":[{"count":7,"href":"https:\/\/www2.icb.ufmg.br\/capi\/index.php?rest_route=\/wp\/v2\/pages\/986\/revisions"}],"predecessor-version":[{"id":1547,"href":"https:\/\/www2.icb.ufmg.br\/capi\/index.php?rest_route=\/wp\/v2\/pages\/986\/revisions\/1547"}],"wp:attachment":[{"href":"https:\/\/www2.icb.ufmg.br\/capi\/index.php?rest_route=%2Fwp%2Fv2%2Fmedia&parent=986"}],"curies":[{"name":"wp","href":"https:\/\/api.w.org\/{rel}","templated":true}]}}