{"id":8,"date":"2013-10-18T13:04:07","date_gmt":"2013-10-18T13:04:07","guid":{"rendered":"http:\/\/www.icb.ufmg.br\/capi\/?page_id=8"},"modified":"2022-05-24T10:07:21","modified_gmt":"2022-05-24T13:07:21","slug":"endereco","status":"publish","type":"page","link":"https:\/\/www2.icb.ufmg.br\/capi\/?page_id=8","title":{"rendered":"Endere\u00e7o"},"content":{"rendered":"<p><strong>Centro de Aquisi\u00e7\u00e3o e Processamento de Imagens &#8211; CAPI<\/strong><\/p>\n<p>Instituto de Ci\u00eancias Biol\u00f3gicas (ICB) &#8211; bloco: O2, sala: 299<br \/>\nUniversidade Federal de Minas Gerais<br \/>\nAv. Ant\u00f4nio Carlos, 6627 &#8211; Pampulha<br \/>\nCaixa Postal 486<br \/>\n31270-901 &#8211; Belo Horizonte, MG<\/p>\n","protected":false},"excerpt":{"rendered":"<p>Centro de Aquisi\u00e7\u00e3o e Processamento de Imagens &#8211; CAPI Instituto de Ci\u00eancias Biol\u00f3gicas (ICB) &#8211; bloco: O2, sala: 299 Universidade Federal de Minas Gerais Av. Ant\u00f4nio Carlos, 6627 &#8211; Pampulha Caixa Postal 486 31270-901 &#8211; Belo Horizonte, MG<\/p>\n","protected":false},"author":1,"featured_media":0,"parent":0,"menu_order":0,"comment_status":"closed","ping_status":"open","template":"","meta":{"jetpack_post_was_ever_published":false,"footnotes":""},"class_list":["post-8","page","type-page","status-publish","hentry"],"jetpack_sharing_enabled":true,"jetpack_shortlink":"https:\/\/wp.me\/P6bplh-8","jetpack-related-posts":[],"_links":{"self":[{"href":"https:\/\/www2.icb.ufmg.br\/capi\/index.php?rest_route=\/wp\/v2\/pages\/8","targetHints":{"allow":["GET"]}}],"collection":[{"href":"https:\/\/www2.icb.ufmg.br\/capi\/index.php?rest_route=\/wp\/v2\/pages"}],"about":[{"href":"https:\/\/www2.icb.ufmg.br\/capi\/index.php?rest_route=\/wp\/v2\/types\/page"}],"author":[{"embeddable":true,"href":"https:\/\/www2.icb.ufmg.br\/capi\/index.php?rest_route=\/wp\/v2\/users\/1"}],"replies":[{"embeddable":true,"href":"https:\/\/www2.icb.ufmg.br\/capi\/index.php?rest_route=%2Fwp%2Fv2%2Fcomments&post=8"}],"version-history":[{"count":7,"href":"https:\/\/www2.icb.ufmg.br\/capi\/index.php?rest_route=\/wp\/v2\/pages\/8\/revisions"}],"predecessor-version":[{"id":1229,"href":"https:\/\/www2.icb.ufmg.br\/capi\/index.php?rest_route=\/wp\/v2\/pages\/8\/revisions\/1229"}],"wp:attachment":[{"href":"https:\/\/www2.icb.ufmg.br\/capi\/index.php?rest_route=%2Fwp%2Fv2%2Fmedia&parent=8"}],"curies":[{"name":"wp","href":"https:\/\/api.w.org\/{rel}","templated":true}]}}