{"id":711,"date":"2015-10-23T12:17:40","date_gmt":"2015-10-23T15:17:40","guid":{"rendered":"http:\/\/www.icb.ufmg.br\/capi\/?page_id=711"},"modified":"2018-09-28T14:18:59","modified_gmt":"2018-09-28T17:18:59","slug":"microscopio-apotome","status":"publish","type":"page","link":"https:\/\/www2.icb.ufmg.br\/capi\/?page_id=711","title":{"rendered":"Microsc\u00f3pio ApoTome"},"content":{"rendered":"<p>O pesquisador interessado em utilizar o Centro dever\u00e1 enviar seu formul\u00e1rio e ter sua solicita\u00e7\u00e3o aprovada, assumindo o compromisso de pagar pelos custos para a execu\u00e7\u00e3o das atividades, conforme valores estipulados (veja: \u00a0\u201c<a href=\"https:\/\/www2.icb.ufmg.br\/capi\/?page_id=63\">Taxa de Uso \u2013 Tabelas<\/a>\u201d)<\/p>\n<p>O usu\u00e1rio deve ser tecnicamente capacitado para utilizar os equipamentos e instala\u00e7\u00f5es do Centro e deve seguir as normas de reserva de hor\u00e1rio.<\/p>\n<h2><a href=\"http:\/\/www2.icb.ufmg.br\/capi\/?page_id=18\"><span style=\"color: #0066cc;\">Clique aqui para acessar o formul\u00e1rio para utilizar os microsc\u00f3pios de luz<\/span><\/a><\/h2>\n<h2>MICROSC\u00d3PIO APOTOME.2 \u00a0ZEISS<\/h2>\n<p>Para agendamento <a href=\"http:\/\/www2.icb.ufmg.br\/capi\/?page_id=147\">clique aqui<\/a>.<\/p>\n<ul>\n<li>N\u00ba patrim\u00f4nio UFMG: Em processo<\/li>\n<li>Valor de aquisi\u00e7\u00e3o: $<\/li>\n<li>Forma\u00a0de aquisi\u00e7\u00e3o: CT-INFRA 2013<\/li>\n<li>Ano de aquisi\u00e7\u00e3o: 2015<\/li>\n<li>Proced\u00eancia: Zeiss, Alemanha<\/li>\n<li>Projeto coordenado pelos professores: Andr\u00e9a Mara Macedo,\u00a0Dawidson A. Gomes,\u00a0Helio Chiarini,\u00a0Luiz Renato de Fran\u00e7a e\u00a0Tomaz Aroldo da Mota Santos<\/li>\n<\/ul>\n<p><strong>Descri\u00e7\u00e3o do Equipamento<\/strong><\/p>\n<p><a href=\"https:\/\/i0.wp.com\/www.icb.ufmg.br\/capi\/wp-content\/uploads\/2015\/10\/7944_ApoTome.2.jpg.jpg\"><img data-recalc-dims=\"1\" loading=\"lazy\" decoding=\"async\" data-attachment-id=\"707\" data-permalink=\"https:\/\/www2.icb.ufmg.br\/capi\/?attachment_id=707\" data-orig-file=\"https:\/\/i0.wp.com\/www2.icb.ufmg.br\/capi\/wp-content\/uploads\/2015\/10\/7944_ApoTome.2.jpg.jpg?fit=250%2C250&amp;ssl=1\" data-orig-size=\"250,250\" data-comments-opened=\"0\" data-image-meta=\"{&quot;aperture&quot;:&quot;0&quot;,&quot;credit&quot;:&quot;&quot;,&quot;camera&quot;:&quot;&quot;,&quot;caption&quot;:&quot;&quot;,&quot;created_timestamp&quot;:&quot;0&quot;,&quot;copyright&quot;:&quot;&quot;,&quot;focal_length&quot;:&quot;0&quot;,&quot;iso&quot;:&quot;0&quot;,&quot;shutter_speed&quot;:&quot;0&quot;,&quot;title&quot;:&quot;&quot;,&quot;orientation&quot;:&quot;0&quot;}\" data-image-title=\"7944_ApoTome.2.jpg\" data-image-description=\"\" data-image-caption=\"\" data-medium-file=\"https:\/\/i0.wp.com\/www2.icb.ufmg.br\/capi\/wp-content\/uploads\/2015\/10\/7944_ApoTome.2.jpg.jpg?fit=250%2C250&amp;ssl=1\" data-large-file=\"https:\/\/i0.wp.com\/www2.icb.ufmg.br\/capi\/wp-content\/uploads\/2015\/10\/7944_ApoTome.2.jpg.jpg?fit=250%2C250&amp;ssl=1\" class=\" size-full wp-image-707 aligncenter\" src=\"https:\/\/i0.wp.com\/www.icb.ufmg.br\/capi\/wp-content\/uploads\/2015\/10\/7944_ApoTome.2.jpg.jpg?resize=250%2C250\" alt=\"7944_ApoTome.2.jpg\" width=\"250\" height=\"250\" srcset=\"https:\/\/i0.wp.com\/www2.icb.ufmg.br\/capi\/wp-content\/uploads\/2015\/10\/7944_ApoTome.2.jpg.jpg?w=250&amp;ssl=1 250w, https:\/\/i0.wp.com\/www2.icb.ufmg.br\/capi\/wp-content\/uploads\/2015\/10\/7944_ApoTome.2.jpg.jpg?resize=150%2C150&amp;ssl=1 150w\" sizes=\"auto, (max-width: 250px) 100vw, 250px\" \/><\/a>Microsc\u00f3pio Axio Imager com objetivas de 10, 20, 40 e 60X para aquisi\u00e7\u00e3o de imagens de luz transmitida por D.I.C, sistema de epi-ilumina\u00e7\u00e3o HXP e m\u00f3dulo Apotome 2 para aquisi\u00e7\u00e3o de imagens confocais. Est\u00e3o dispon\u00edveis filtros para DAPI, GPF\/FITC e Rodamina. O sistema utiliza um desktop de alto desempenho Z820 da HP que processa as imagens no software Zen. Este sistema tamb\u00e9m ir\u00e1 utilizar os softwares Neurolucida e Stereoinvestigador da MBF (Em processo). A platina motorizada somente \u00e9 controlada pelos softwares da MBF.<\/p>\n<p><a href=\"http:\/\/www2.icb.ufmg.br\/capi\/wp-content\/uploads\/2016\/10\/POP-Apo-Tome_edit.docx\">POP Apo Tome<\/a><\/p>\n<h1><\/h1>\n","protected":false},"excerpt":{"rendered":"<p>O pesquisador interessado em utilizar o Centro dever\u00e1 enviar seu formul\u00e1rio e ter sua solicita\u00e7\u00e3o aprovada, assumindo o compromisso de pagar pelos custos para a execu\u00e7\u00e3o das atividades, conforme valores estipulados (veja: \u00a0\u201cTaxa de Uso \u2013 Tabelas\u201d) O usu\u00e1rio deve ser tecnicamente capacitado para utilizar os equipamentos e instala\u00e7\u00f5es do Centro e deve seguir as [&hellip;]<\/p>\n","protected":false},"author":1,"featured_media":0,"parent":16,"menu_order":0,"comment_status":"closed","ping_status":"closed","template":"","meta":{"jetpack_post_was_ever_published":false,"footnotes":""},"class_list":["post-711","page","type-page","status-publish","hentry"],"jetpack_sharing_enabled":true,"jetpack_shortlink":"https:\/\/wp.me\/P6bplh-bt","jetpack-related-posts":[],"_links":{"self":[{"href":"https:\/\/www2.icb.ufmg.br\/capi\/index.php?rest_route=\/wp\/v2\/pages\/711","targetHints":{"allow":["GET"]}}],"collection":[{"href":"https:\/\/www2.icb.ufmg.br\/capi\/index.php?rest_route=\/wp\/v2\/pages"}],"about":[{"href":"https:\/\/www2.icb.ufmg.br\/capi\/index.php?rest_route=\/wp\/v2\/types\/page"}],"author":[{"embeddable":true,"href":"https:\/\/www2.icb.ufmg.br\/capi\/index.php?rest_route=\/wp\/v2\/users\/1"}],"replies":[{"embeddable":true,"href":"https:\/\/www2.icb.ufmg.br\/capi\/index.php?rest_route=%2Fwp%2Fv2%2Fcomments&post=711"}],"version-history":[{"count":18,"href":"https:\/\/www2.icb.ufmg.br\/capi\/index.php?rest_route=\/wp\/v2\/pages\/711\/revisions"}],"predecessor-version":[{"id":1417,"href":"https:\/\/www2.icb.ufmg.br\/capi\/index.php?rest_route=\/wp\/v2\/pages\/711\/revisions\/1417"}],"up":[{"embeddable":true,"href":"https:\/\/www2.icb.ufmg.br\/capi\/index.php?rest_route=\/wp\/v2\/pages\/16"}],"wp:attachment":[{"href":"https:\/\/www2.icb.ufmg.br\/capi\/index.php?rest_route=%2Fwp%2Fv2%2Fmedia&parent=711"}],"curies":[{"name":"wp","href":"https:\/\/api.w.org\/{rel}","templated":true}]}}