{"id":293,"date":"2014-07-18T19:08:23","date_gmt":"2014-07-18T19:08:23","guid":{"rendered":"http:\/\/www.icb.ufmg.br\/capi\/?page_id=293"},"modified":"2020-12-16T09:24:51","modified_gmt":"2020-12-16T12:24:51","slug":"criostato-e-microtomos","status":"publish","type":"page","link":"https:\/\/www2.icb.ufmg.br\/capi\/?page_id=293","title":{"rendered":"Criostato"},"content":{"rendered":"<h2>CRIOSTATO LEICA CM3050 S<\/h2>\n<h1><strong><span style=\"color: #ff0000;\"><a href=\"https:\/\/goo.gl\/forms\/MHw9hA8yimHgFf4v2\">Fomul\u00e1rio on-line para utiliza\u00e7\u00e3o do Criostato<\/a><\/span><\/strong><\/h1>\n<p>Para agendamento <a href=\"http:\/\/www2.icb.ufmg.br\/capi\/?page_id=153\">clique aqui<\/a>.<\/p>\n<ul>\n<li>Valor de aquisi\u00e7\u00e3o:\u00a0EUR 30.001,92 (Euros)<\/li>\n<li>Forma de aquisi\u00e7\u00e3o:\u00a0Edital pr\u00f3-equipamentos 2012<\/li>\n<li>Ano de aquisi\u00e7\u00e3o:\u00a02013<\/li>\n<li>Proced\u00eancia:\u00a0Leica-Alemanha<\/li>\n<\/ul>\n<p><img data-recalc-dims=\"1\" decoding=\"async\" class=\"aligncenter\" src=\"https:\/\/i0.wp.com\/www.leicabiosystems.com\/typo3temp\/pics\/Leica_CM3050_03_ad71a48b12.png?w=625\" alt=\"O motor de passo excepcionalmente preciso promove a produ\u00e7\u00e3o de sec\u00e7\u00f5es de alta qualidade de espessuras uniformes.\" \/><\/p>\n<p><span style=\"text-decoration: underline;\">Descri\u00e7\u00e3o do equipamento:<\/span><\/p>\n<p>O Leica CM3050 S \u00e9 um criostato poderoso tanto para aplica\u00e7\u00f5es de rotina como de pesquisa em biologia, medicina e ind\u00fastria. O aparelho foi projetado\u00a0para corte e congelamento r\u00e1pido de amostras de tecidos.<\/p>\n<p><a href=\"http:\/\/www.icb.ufmg.br\/capi\/wp-content\/uploads\/2014\/07\/Leica_CM3050-S_Manual_1v5_pt.pdf\">Manual de opera\u00e7\u00f5es &#8211; Criostato<\/a><\/p>\n<p><a href=\"http:\/\/www.icb.ufmg.br\/capi\/wp-content\/uploads\/2014\/07\/POP-criostato-Leica-CM3050-S.pdf\">POP criostato Leica CM3050 S<\/a><\/p>\n<p style=\"text-align: justify;\">\n","protected":false},"excerpt":{"rendered":"<p>CRIOSTATO LEICA CM3050 S Fomul\u00e1rio on-line para utiliza\u00e7\u00e3o do Criostato Para agendamento clique aqui. Valor de aquisi\u00e7\u00e3o:\u00a0EUR 30.001,92 (Euros) Forma de aquisi\u00e7\u00e3o:\u00a0Edital pr\u00f3-equipamentos 2012 Ano de aquisi\u00e7\u00e3o:\u00a02013 Proced\u00eancia:\u00a0Leica-Alemanha Descri\u00e7\u00e3o do equipamento: O Leica CM3050 S \u00e9 um criostato poderoso tanto para aplica\u00e7\u00f5es de rotina como de pesquisa em biologia, medicina e ind\u00fastria. O aparelho foi [&hellip;]<\/p>\n","protected":false},"author":1,"featured_media":0,"parent":0,"menu_order":0,"comment_status":"closed","ping_status":"closed","template":"","meta":{"jetpack_post_was_ever_published":false,"footnotes":""},"class_list":["post-293","page","type-page","status-publish","hentry"],"jetpack_sharing_enabled":true,"jetpack_shortlink":"https:\/\/wp.me\/P6bplh-4J","jetpack-related-posts":[],"_links":{"self":[{"href":"https:\/\/www2.icb.ufmg.br\/capi\/index.php?rest_route=\/wp\/v2\/pages\/293","targetHints":{"allow":["GET"]}}],"collection":[{"href":"https:\/\/www2.icb.ufmg.br\/capi\/index.php?rest_route=\/wp\/v2\/pages"}],"about":[{"href":"https:\/\/www2.icb.ufmg.br\/capi\/index.php?rest_route=\/wp\/v2\/types\/page"}],"author":[{"embeddable":true,"href":"https:\/\/www2.icb.ufmg.br\/capi\/index.php?rest_route=\/wp\/v2\/users\/1"}],"replies":[{"embeddable":true,"href":"https:\/\/www2.icb.ufmg.br\/capi\/index.php?rest_route=%2Fwp%2Fv2%2Fcomments&post=293"}],"version-history":[{"count":18,"href":"https:\/\/www2.icb.ufmg.br\/capi\/index.php?rest_route=\/wp\/v2\/pages\/293\/revisions"}],"predecessor-version":[{"id":1146,"href":"https:\/\/www2.icb.ufmg.br\/capi\/index.php?rest_route=\/wp\/v2\/pages\/293\/revisions\/1146"}],"wp:attachment":[{"href":"https:\/\/www2.icb.ufmg.br\/capi\/index.php?rest_route=%2Fwp%2Fv2%2Fmedia&parent=293"}],"curies":[{"name":"wp","href":"https:\/\/api.w.org\/{rel}","templated":true}]}}