{"id":29,"date":"2013-10-18T13:18:22","date_gmt":"2013-10-18T13:18:22","guid":{"rendered":"http:\/\/www.icb.ufmg.br\/capi\/?page_id=29"},"modified":"2022-05-24T10:21:47","modified_gmt":"2022-05-24T13:21:47","slug":"disciplinas-e-treinamentos","status":"publish","type":"page","link":"https:\/\/www2.icb.ufmg.br\/capi\/?page_id=29","title":{"rendered":"Disciplinas e Treinamentos"},"content":{"rendered":"<p style=\"text-align: justify;\">O Centro de Aquisi\u00e7\u00e3o e Processamento de Imagens, obedecendo seu papel na gera\u00e7\u00e3o de novos cientistas especialistas em microscopia e aquisi\u00e7\u00e3o de imagens, disponibiliza sua infraestrutura para diversas disciplinas. Por ser um centro multiusu\u00e1rio e interdisciplinar, essas disciplinas s\u00e3o ofertadas por diferentes departamentos do ICB e da Faculdade de Medicina, bem como em diferentes n\u00edveis de conhecimento. Por meio do menu superior, voc\u00ea pode acessar as p\u00e1ginas de diferentes programas de p\u00f3s gradua\u00e7\u00e3o que ministram aulas utilizando nosso centro e verificar a oferta no per\u00edodo letivo atual.<\/p>\n","protected":false},"excerpt":{"rendered":"<p>O Centro de Aquisi\u00e7\u00e3o e Processamento de Imagens, obedecendo seu papel na gera\u00e7\u00e3o de novos cientistas especialistas em microscopia e aquisi\u00e7\u00e3o de imagens, disponibiliza sua infraestrutura para diversas disciplinas. Por ser um centro multiusu\u00e1rio e interdisciplinar, essas disciplinas s\u00e3o ofertadas por diferentes departamentos do ICB e da Faculdade de Medicina, bem como em diferentes n\u00edveis [&hellip;]<\/p>\n","protected":false},"author":1,"featured_media":0,"parent":0,"menu_order":0,"comment_status":"closed","ping_status":"open","template":"","meta":{"jetpack_post_was_ever_published":false,"footnotes":""},"class_list":["post-29","page","type-page","status-publish","hentry"],"jetpack_sharing_enabled":true,"jetpack_shortlink":"https:\/\/wp.me\/P6bplh-t","jetpack-related-posts":[],"_links":{"self":[{"href":"https:\/\/www2.icb.ufmg.br\/capi\/index.php?rest_route=\/wp\/v2\/pages\/29","targetHints":{"allow":["GET"]}}],"collection":[{"href":"https:\/\/www2.icb.ufmg.br\/capi\/index.php?rest_route=\/wp\/v2\/pages"}],"about":[{"href":"https:\/\/www2.icb.ufmg.br\/capi\/index.php?rest_route=\/wp\/v2\/types\/page"}],"author":[{"embeddable":true,"href":"https:\/\/www2.icb.ufmg.br\/capi\/index.php?rest_route=\/wp\/v2\/users\/1"}],"replies":[{"embeddable":true,"href":"https:\/\/www2.icb.ufmg.br\/capi\/index.php?rest_route=%2Fwp%2Fv2%2Fcomments&post=29"}],"version-history":[{"count":6,"href":"https:\/\/www2.icb.ufmg.br\/capi\/index.php?rest_route=\/wp\/v2\/pages\/29\/revisions"}],"predecessor-version":[{"id":1234,"href":"https:\/\/www2.icb.ufmg.br\/capi\/index.php?rest_route=\/wp\/v2\/pages\/29\/revisions\/1234"}],"wp:attachment":[{"href":"https:\/\/www2.icb.ufmg.br\/capi\/index.php?rest_route=%2Fwp%2Fv2%2Fmedia&parent=29"}],"curies":[{"name":"wp","href":"https:\/\/api.w.org\/{rel}","templated":true}]}}