{"id":288,"date":"2014-07-18T18:54:07","date_gmt":"2014-07-18T18:54:07","guid":{"rendered":"http:\/\/www.icb.ufmg.br\/capi\/?page_id=288"},"modified":"2016-07-21T10:10:15","modified_gmt":"2016-07-21T13:10:15","slug":"typhoon-2","status":"publish","type":"page","link":"https:\/\/www2.icb.ufmg.br\/capi\/?page_id=288","title":{"rendered":"Typhoon"},"content":{"rendered":"<h2><span style=\"color: #0000ff;\"><a style=\"color: #0000ff;\" href=\"http:\/\/www2.icb.ufmg.br\/capi\/?page_id=18\">Formul\u00e1rio de cadastro\u00a0para uso do Typhoon<\/a><\/span><\/h2>\n<h2>TYPHOON FLA 9000 \u2013 GE HEALTHCARE<\/h2>\n<p>Para agendamento <a href=\"http:\/\/www2.icb.ufmg.br\/capi\/?page_id=157\">clique aqui<\/a>.<\/p>\n<ul>\n<li>N\u00ba patrim\u00f4nio UFMG: Em processo<\/li>\n<li>Valor de aquisi\u00e7\u00e3o: R$210.000,00<\/li>\n<li>Forma de aquisi\u00e7\u00e3o: Edital n\u00ba 27\/2010-CAPES-Pr\u00f3-equipamentos<\/li>\n<li>Ano de aquisi\u00e7\u00e3o: 2010<\/li>\n<li>Proced\u00eancia: Su\u00e9cia<\/li>\n<\/ul>\n<p><img data-recalc-dims=\"1\" decoding=\"async\" class=\"aligncenter\" src=\"https:\/\/i0.wp.com\/www.gelifesciences.com\/gehcls_images\/GELS\/Images\/ProductImages\/Files\/Typhoon%20FLA%209500%5B1%5D.jpg?w=625&#038;ssl=1\" alt=\"\" \/><\/p>\n<p><span style=\"text-decoration: underline;\">Descri\u00e7\u00e3o do Equipamento<\/span><\/p>\n<p style=\"text-align: justify;\">Typhoon\u2122 FLA 9000 \u00e9 um scanner vers\u00e1til otimizado para todas as aplica\u00e7\u00f5es que envolvem aquisi\u00e7\u00e3o e quantifica\u00e7\u00e3o de imagens com alta sensibilidade e resolu\u00e7\u00e3o geradas por biomol\u00e9culas marcadas. Este equipamento \u00e9 capaz de realizar a an\u00e1lise de biomol\u00e9culas marcadas com compostos radioativos, fluorescentes ou luminescentes, em uma ampla gama de t\u00e9cnicas como western-blots, dot-blots, microarranjos, autoradiografias e eletroforeses de poliacrilamida e agarose. Uma das vantagens oferecidas por este sistema \u00e9 sua utiliza\u00e7\u00e3o para an\u00e1lise quantitativa de prote\u00ednas em membranas de western blot que utilizam a t\u00e9cnica de multifluoresc\u00eancia ECL Plex. Esta t\u00e9cnica permite a an\u00e1lise quantitativa de duas ou mais prote\u00ednas em um mesmo blot. O sistema ainda permite a medida da fluoresc\u00eancia com sondas IR (infrared) detectadas no infravermelho. O Typhoon\u2122 FLA 9000 ainda \u00e9 capaz de realizar a an\u00e1lise quantitativa de g\u00e9is 2-D DIGE (Difference Gel Electrophoresis), com grande sensibilidade e alta resolu\u00e7\u00e3o.<\/p>\n<p style=\"text-align: justify;\"><a href=\"http:\/\/www.icb.ufmg.br\/capi\/wp-content\/uploads\/2014\/07\/Manual-Typhoon-FLA-900.pdf\">Manual de opera\u00e7\u00f5es Typhoon FLA 900<\/a><\/p>\n","protected":false},"excerpt":{"rendered":"<p>Formul\u00e1rio de cadastro\u00a0para uso do Typhoon TYPHOON FLA 9000 \u2013 GE HEALTHCARE Para agendamento clique aqui. N\u00ba patrim\u00f4nio UFMG: Em processo Valor de aquisi\u00e7\u00e3o: R$210.000,00 Forma de aquisi\u00e7\u00e3o: Edital n\u00ba 27\/2010-CAPES-Pr\u00f3-equipamentos Ano de aquisi\u00e7\u00e3o: 2010 Proced\u00eancia: Su\u00e9cia Descri\u00e7\u00e3o do Equipamento Typhoon\u2122 FLA 9000 \u00e9 um scanner vers\u00e1til otimizado para todas as aplica\u00e7\u00f5es que envolvem aquisi\u00e7\u00e3o [&hellip;]<\/p>\n","protected":false},"author":1,"featured_media":0,"parent":0,"menu_order":0,"comment_status":"closed","ping_status":"closed","template":"","meta":{"jetpack_post_was_ever_published":false,"footnotes":""},"class_list":["post-288","page","type-page","status-publish","hentry"],"jetpack_sharing_enabled":true,"jetpack_shortlink":"https:\/\/wp.me\/P6bplh-4E","jetpack-related-posts":[],"_links":{"self":[{"href":"https:\/\/www2.icb.ufmg.br\/capi\/index.php?rest_route=\/wp\/v2\/pages\/288","targetHints":{"allow":["GET"]}}],"collection":[{"href":"https:\/\/www2.icb.ufmg.br\/capi\/index.php?rest_route=\/wp\/v2\/pages"}],"about":[{"href":"https:\/\/www2.icb.ufmg.br\/capi\/index.php?rest_route=\/wp\/v2\/types\/page"}],"author":[{"embeddable":true,"href":"https:\/\/www2.icb.ufmg.br\/capi\/index.php?rest_route=\/wp\/v2\/users\/1"}],"replies":[{"embeddable":true,"href":"https:\/\/www2.icb.ufmg.br\/capi\/index.php?rest_route=%2Fwp%2Fv2%2Fcomments&post=288"}],"version-history":[{"count":9,"href":"https:\/\/www2.icb.ufmg.br\/capi\/index.php?rest_route=\/wp\/v2\/pages\/288\/revisions"}],"predecessor-version":[{"id":893,"href":"https:\/\/www2.icb.ufmg.br\/capi\/index.php?rest_route=\/wp\/v2\/pages\/288\/revisions\/893"}],"wp:attachment":[{"href":"https:\/\/www2.icb.ufmg.br\/capi\/index.php?rest_route=%2Fwp%2Fv2%2Fmedia&parent=288"}],"curies":[{"name":"wp","href":"https:\/\/api.w.org\/{rel}","templated":true}]}}