{"id":276,"date":"2014-07-18T18:36:51","date_gmt":"2014-07-18T18:36:51","guid":{"rendered":"http:\/\/www.icb.ufmg.br\/capi\/?page_id=276"},"modified":"2024-07-08T11:35:27","modified_gmt":"2024-07-08T14:35:27","slug":"scanner-de-laminas","status":"publish","type":"page","link":"https:\/\/www2.icb.ufmg.br\/capi\/?page_id=276","title":{"rendered":"Scanner de l\u00e2minas"},"content":{"rendered":"<h2><span style=\"text-decoration: underline;\"><span style=\"color: #0000ff;\"><strong><a href=\"http:\/\/www2.icb.ufmg.br\/capi\/?page_id=18\">Clique aqui para acessar\u00a0o formul\u00e1rio do scanner de l\u00e2minas<\/a><\/strong><\/span><\/span><\/h2>\n<h2><strong>MICROSC\u00d3PIO DIGITAL \u2013 SCANNER DE L\u00c2MINAS 3D HISTECH<\/strong><\/h2>\n<p>Para agendamento entre em contato com o CAPI : (31) 3409-2536<\/p>\n<ul>\n<li>N\u00ba patrim\u00f4nio UFMG: Em processo<\/li>\n<li>Valor de aquisi\u00e7\u00e3o:<\/li>\n<li>Forma de aquisi\u00e7\u00e3o: Edital pr\u00f3-equipamentos 2012<\/li>\n<li>Ano de aquisi\u00e7\u00e3o: 2013<\/li>\n<li>Proced\u00eancia: 3D Histech<\/li>\n<\/ul>\n<p><a href=\"https:\/\/i0.wp.com\/www.icb.ufmg.br\/capi\/wp-content\/uploads\/2014\/07\/Scanner-de-laminas.png\"><img data-recalc-dims=\"1\" loading=\"lazy\" decoding=\"async\" data-attachment-id=\"278\" data-permalink=\"https:\/\/www2.icb.ufmg.br\/capi\/?attachment_id=278\" data-orig-file=\"https:\/\/i0.wp.com\/www2.icb.ufmg.br\/capi\/wp-content\/uploads\/2014\/07\/Scanner-de-laminas.png?fit=546%2C390&amp;ssl=1\" data-orig-size=\"546,390\" data-comments-opened=\"0\" data-image-meta=\"{&quot;aperture&quot;:&quot;0&quot;,&quot;credit&quot;:&quot;&quot;,&quot;camera&quot;:&quot;&quot;,&quot;caption&quot;:&quot;&quot;,&quot;created_timestamp&quot;:&quot;0&quot;,&quot;copyright&quot;:&quot;&quot;,&quot;focal_length&quot;:&quot;0&quot;,&quot;iso&quot;:&quot;0&quot;,&quot;shutter_speed&quot;:&quot;0&quot;,&quot;title&quot;:&quot;&quot;}\" data-image-title=\"Scanner de laminas\" data-image-description=\"\" data-image-caption=\"\" data-medium-file=\"https:\/\/i0.wp.com\/www2.icb.ufmg.br\/capi\/wp-content\/uploads\/2014\/07\/Scanner-de-laminas.png?fit=300%2C214&amp;ssl=1\" data-large-file=\"https:\/\/i0.wp.com\/www2.icb.ufmg.br\/capi\/wp-content\/uploads\/2014\/07\/Scanner-de-laminas.png?fit=546%2C390&amp;ssl=1\" class=\"size-medium wp-image-278 aligncenter\" src=\"https:\/\/i0.wp.com\/www.icb.ufmg.br\/capi\/wp-content\/uploads\/2014\/07\/Scanner-de-laminas-300x214.png?resize=300%2C214\" alt=\"Scanner de laminas\" width=\"300\" height=\"214\" srcset=\"https:\/\/i0.wp.com\/www2.icb.ufmg.br\/capi\/wp-content\/uploads\/2014\/07\/Scanner-de-laminas.png?resize=300%2C214&amp;ssl=1 300w, https:\/\/i0.wp.com\/www2.icb.ufmg.br\/capi\/wp-content\/uploads\/2014\/07\/Scanner-de-laminas.png?resize=420%2C300&amp;ssl=1 420w, https:\/\/i0.wp.com\/www2.icb.ufmg.br\/capi\/wp-content\/uploads\/2014\/07\/Scanner-de-laminas.png?w=546&amp;ssl=1 546w\" sizes=\"auto, (max-width: 300px) 100vw, 300px\" \/><\/a><\/p>\n<p>Para baixar o programa\u00a0Pannoramic Viewer <a href=\"http:\/\/www.3dhistech.com\/pannoramic_viewer\">clique aqui<\/a> e v\u00e1 em &#8220;Free download&#8221;.<\/p>\n<p>Para baixar o programa CaseViewer <a href=\"https:\/\/www.3dhistech.com\/solutions\/caseviewer\/\" target=\"_blank\" rel=\"noopener\">clique aqui <\/a>e v\u00e1 em &#8221; Download CaseViewer 1.4&#8243;<\/p>\n<p><a href=\"http:\/\/www.icb.ufmg.br\/capi\/wp-content\/uploads\/2014\/07\/POP-3DHistech.pdf\">POP &#8211; Scanner de L\u00e2minas<\/a><\/p>\n<p><a href=\"http:\/\/www.icb.ufmg.br\/capi\/wp-content\/uploads\/2014\/09\/Cubos-de-filtros-presentes-no-Microsc\u00f3pio-Digital.docx\">Cubos de filtros instalados no Microsc\u00f3pio Digital Scanner de L\u00e2minas 3D-Histech <\/a><\/p>\n","protected":false},"excerpt":{"rendered":"<p>Clique aqui para acessar\u00a0o formul\u00e1rio do scanner de l\u00e2minas MICROSC\u00d3PIO DIGITAL \u2013 SCANNER DE L\u00c2MINAS 3D HISTECH Para agendamento entre em contato com o CAPI : (31) 3409-2536 N\u00ba patrim\u00f4nio UFMG: Em processo Valor de aquisi\u00e7\u00e3o: Forma de aquisi\u00e7\u00e3o: Edital pr\u00f3-equipamentos 2012 Ano de aquisi\u00e7\u00e3o: 2013 Proced\u00eancia: 3D Histech Para baixar o programa\u00a0Pannoramic Viewer clique [&hellip;]<\/p>\n","protected":false},"author":1,"featured_media":0,"parent":0,"menu_order":0,"comment_status":"closed","ping_status":"closed","template":"","meta":{"jetpack_post_was_ever_published":false,"footnotes":""},"class_list":["post-276","page","type-page","status-publish","hentry"],"jetpack_sharing_enabled":true,"jetpack_shortlink":"https:\/\/wp.me\/P6bplh-4s","jetpack-related-posts":[],"_links":{"self":[{"href":"https:\/\/www2.icb.ufmg.br\/capi\/index.php?rest_route=\/wp\/v2\/pages\/276","targetHints":{"allow":["GET"]}}],"collection":[{"href":"https:\/\/www2.icb.ufmg.br\/capi\/index.php?rest_route=\/wp\/v2\/pages"}],"about":[{"href":"https:\/\/www2.icb.ufmg.br\/capi\/index.php?rest_route=\/wp\/v2\/types\/page"}],"author":[{"embeddable":true,"href":"https:\/\/www2.icb.ufmg.br\/capi\/index.php?rest_route=\/wp\/v2\/users\/1"}],"replies":[{"embeddable":true,"href":"https:\/\/www2.icb.ufmg.br\/capi\/index.php?rest_route=%2Fwp%2Fv2%2Fcomments&post=276"}],"version-history":[{"count":20,"href":"https:\/\/www2.icb.ufmg.br\/capi\/index.php?rest_route=\/wp\/v2\/pages\/276\/revisions"}],"predecessor-version":[{"id":1467,"href":"https:\/\/www2.icb.ufmg.br\/capi\/index.php?rest_route=\/wp\/v2\/pages\/276\/revisions\/1467"}],"wp:attachment":[{"href":"https:\/\/www2.icb.ufmg.br\/capi\/index.php?rest_route=%2Fwp%2Fv2%2Fmedia&parent=276"}],"curies":[{"name":"wp","href":"https:\/\/api.w.org\/{rel}","templated":true}]}}