{"id":27,"date":"2013-10-18T13:17:55","date_gmt":"2013-10-18T13:17:55","guid":{"rendered":"http:\/\/www.icb.ufmg.br\/capi\/?page_id=27"},"modified":"2015-06-17T23:58:40","modified_gmt":"2015-06-18T02:58:40","slug":"referencia","status":"publish","type":"page","link":"https:\/\/www2.icb.ufmg.br\/capi\/?page_id=27","title":{"rendered":"Refer\u00eancia"},"content":{"rendered":"<p style=\"text-align: justify;\">O nome do CAPI (Centro de Aquisi\u00e7\u00e3o e Processamento de Imagens do ICB\/UFMG) dever\u00e1 constar de todas e quaisquer publica\u00e7\u00f5es originadas de trabalhos nele realizados.<\/p>\n<p style=\"text-align: justify;\">Exemplo: The microscopic data shown in this work was obtained using the microscopes and equipment in the Centro de Aquisi\u00e7\u00e3o e Processamento de Imagens (CAPI- ICB\/UFMG).<\/p>\n","protected":false},"excerpt":{"rendered":"<p>O nome do CAPI (Centro de Aquisi\u00e7\u00e3o e Processamento de Imagens do ICB\/UFMG) dever\u00e1 constar de todas e quaisquer publica\u00e7\u00f5es originadas de trabalhos nele realizados. Exemplo: The microscopic data shown in this work was obtained using the microscopes and equipment in the Centro de Aquisi\u00e7\u00e3o e Processamento de Imagens (CAPI- ICB\/UFMG).<\/p>\n","protected":false},"author":1,"featured_media":0,"parent":0,"menu_order":0,"comment_status":"closed","ping_status":"open","template":"","meta":{"jetpack_post_was_ever_published":false,"footnotes":""},"class_list":["post-27","page","type-page","status-publish","hentry"],"jetpack_sharing_enabled":true,"jetpack_shortlink":"https:\/\/wp.me\/P6bplh-r","jetpack-related-posts":[],"_links":{"self":[{"href":"https:\/\/www2.icb.ufmg.br\/capi\/index.php?rest_route=\/wp\/v2\/pages\/27","targetHints":{"allow":["GET"]}}],"collection":[{"href":"https:\/\/www2.icb.ufmg.br\/capi\/index.php?rest_route=\/wp\/v2\/pages"}],"about":[{"href":"https:\/\/www2.icb.ufmg.br\/capi\/index.php?rest_route=\/wp\/v2\/types\/page"}],"author":[{"embeddable":true,"href":"https:\/\/www2.icb.ufmg.br\/capi\/index.php?rest_route=\/wp\/v2\/users\/1"}],"replies":[{"embeddable":true,"href":"https:\/\/www2.icb.ufmg.br\/capi\/index.php?rest_route=%2Fwp%2Fv2%2Fcomments&post=27"}],"version-history":[{"count":2,"href":"https:\/\/www2.icb.ufmg.br\/capi\/index.php?rest_route=\/wp\/v2\/pages\/27\/revisions"}],"predecessor-version":[{"id":417,"href":"https:\/\/www2.icb.ufmg.br\/capi\/index.php?rest_route=\/wp\/v2\/pages\/27\/revisions\/417"}],"wp:attachment":[{"href":"https:\/\/www2.icb.ufmg.br\/capi\/index.php?rest_route=%2Fwp%2Fv2%2Fmedia&parent=27"}],"curies":[{"name":"wp","href":"https:\/\/api.w.org\/{rel}","templated":true}]}}