{"id":259,"date":"2014-07-18T17:32:26","date_gmt":"2014-07-18T17:32:26","guid":{"rendered":"http:\/\/www.icb.ufmg.br\/capi\/?page_id=259"},"modified":"2026-01-23T21:00:00","modified_gmt":"2026-01-24T00:00:00","slug":"microscopio-de-fluorescencia","status":"publish","type":"page","link":"https:\/\/www2.icb.ufmg.br\/capi\/?page_id=259","title":{"rendered":"Microsc\u00f3pio de Fluoresc\u00eancia"},"content":{"rendered":"<p>O pesquisador interessado em utilizar o Centro dever\u00e1 enviar seu formul\u00e1rio e ter sua solicita\u00e7\u00e3o aprovada, assumindo o compromisso de pagar pelos custos para a execu\u00e7\u00e3o das atividades, conforme valores estipulados (veja: \u00a0\u201c<a href=\"https:\/\/www2.icb.ufmg.br\/capi\/?page_id=63\">Taxa de Uso \u2013 Tabelas<\/a>\u201d)<\/p>\n<p>O usu\u00e1rio deve ser tecnicamente capacitado para utilizar os equipamentos e instala\u00e7\u00f5es do Centro e deve seguir as normas de reserva de hor\u00e1rio.<\/p>\n<h2><a href=\"http:\/\/www2.icb.ufmg.br\/capi\/?page_id=18\"><span style=\"color: #0066cc;\">Clique aqui para acessar o formul\u00e1rio para utilizar os microsc\u00f3pios de luz<\/span><\/a><\/h2>\n<p>O pesquisador interessado em utilizar o Centro dever\u00e1 enviar seu formul\u00e1rio e ter sua solicita\u00e7\u00e3o aprovada, assumindo o compromisso de pagar pelos custos para a execu\u00e7\u00e3o das atividades, conforme valores estipulados (veja: \u00a0\u201c<a href=\"https:\/\/www2.icb.ufmg.br\/capi\/?page_id=63\"><u>Taxa de Uso \u2013 Tabelas<\/u><\/a>\u201d)<\/p>\n<p>O usu\u00e1rio deve ser tecnicamente capacitado para utilizar os equipamentos e instala\u00e7\u00f5es do Centro e deve seguir as normas de reserva de hor\u00e1rio.<\/p>\n<h2><a href=\"http:\/\/www2.icb.ufmg.br\/capi\/?page_id=18\"><u>Clique aqui para acessar o formul\u00e1rio para utilizar os microsc\u00f3pios de luz<\/u><\/a><\/h2>\n<h2><strong><em><b>MICROSC\u00d3PIO APOTOME.2 \u00a0ZEISS<\/b><\/em><\/strong><\/h2>\n<p>Para agendamento <a href=\"http:\/\/www2.icb.ufmg.br\/capi\/?page_id=147\"><u>clique aqui<\/u><\/a>.<\/p>\n<ul>\n<li>N\u00ba patrim\u00f4nio UFMG: Em processo<\/li>\n<li>Valor de aquisi\u00e7\u00e3o: $<\/li>\n<li>Forma\u00a0de aquisi\u00e7\u00e3o: CT-INFRA 2013<\/li>\n<li>Ano de aquisi\u00e7\u00e3o: 2015<\/li>\n<li>Proced\u00eancia: Zeiss, Alemanha<\/li>\n<li>Projeto coordenado pelos professores: Andr\u00e9a Mara Macedo,\u00a0Dawidson A. Gomes,\u00a0Helio Chiarini,\u00a0Luiz Renato de Fran\u00e7a e\u00a0Tomaz Aroldo da Mota Santos<\/li>\n<\/ul>\n<p><strong><b>Descri\u00e7\u00e3o do Equipamento<a href=\"https:\/\/i0.wp.com\/www2.icb.ufmg.br\/capi\/wp-content\/uploads\/2015\/10\/7944_ApoTome.2.jpg.jpg\"><img data-recalc-dims=\"1\" loading=\"lazy\" decoding=\"async\" data-attachment-id=\"707\" data-permalink=\"https:\/\/www2.icb.ufmg.br\/capi\/?attachment_id=707\" data-orig-file=\"https:\/\/i0.wp.com\/www2.icb.ufmg.br\/capi\/wp-content\/uploads\/2015\/10\/7944_ApoTome.2.jpg.jpg?fit=250%2C250&amp;ssl=1\" data-orig-size=\"250,250\" data-comments-opened=\"0\" data-image-meta=\"{&quot;aperture&quot;:&quot;0&quot;,&quot;credit&quot;:&quot;&quot;,&quot;camera&quot;:&quot;&quot;,&quot;caption&quot;:&quot;&quot;,&quot;created_timestamp&quot;:&quot;0&quot;,&quot;copyright&quot;:&quot;&quot;,&quot;focal_length&quot;:&quot;0&quot;,&quot;iso&quot;:&quot;0&quot;,&quot;shutter_speed&quot;:&quot;0&quot;,&quot;title&quot;:&quot;&quot;,&quot;orientation&quot;:&quot;0&quot;}\" data-image-title=\"7944_ApoTome.2.jpg\" data-image-description=\"\" data-image-caption=\"\" data-medium-file=\"https:\/\/i0.wp.com\/www2.icb.ufmg.br\/capi\/wp-content\/uploads\/2015\/10\/7944_ApoTome.2.jpg.jpg?fit=250%2C250&amp;ssl=1\" data-large-file=\"https:\/\/i0.wp.com\/www2.icb.ufmg.br\/capi\/wp-content\/uploads\/2015\/10\/7944_ApoTome.2.jpg.jpg?fit=250%2C250&amp;ssl=1\" class=\"size-full wp-image-707 alignright\" src=\"https:\/\/i0.wp.com\/www2.icb.ufmg.br\/capi\/wp-content\/uploads\/2015\/10\/7944_ApoTome.2.jpg.jpg?resize=250%2C250\" alt=\"\" width=\"250\" height=\"250\" srcset=\"https:\/\/i0.wp.com\/www2.icb.ufmg.br\/capi\/wp-content\/uploads\/2015\/10\/7944_ApoTome.2.jpg.jpg?w=250&amp;ssl=1 250w, https:\/\/i0.wp.com\/www2.icb.ufmg.br\/capi\/wp-content\/uploads\/2015\/10\/7944_ApoTome.2.jpg.jpg?resize=150%2C150&amp;ssl=1 150w\" sizes=\"auto, (max-width: 250px) 100vw, 250px\" \/><\/a><\/b><\/strong><\/p>\n<p>Microsc\u00f3pio Axio Imager com objetivas de 10, 20, 40 e 60X para aquisi\u00e7\u00e3o de imagens de luz transmitida por D.I.C, sistema de epi-ilumina\u00e7\u00e3o HXP e m\u00f3dulo Apotome 2 para aquisi\u00e7\u00e3o de imagens confocais. Est\u00e3o dispon\u00edveis filtros para DAPI, GPF\/FITC e Rodamina. O sistema utiliza um desktop de alto desempenho Z820 da HP que processa as imagens no software Zen. Este sistema tamb\u00e9m ir\u00e1 utilizar os softwares Neurolucida e Stereoinvestigador da MBF (Em processo). A platina motorizada somente \u00e9 controlada pelos softwares da MBF.<\/p>\n<p><a href=\"http:\/\/www2.icb.ufmg.br\/capi\/wp-content\/uploads\/2016\/10\/POP-Apo-Tome_edit.docx\"><u>POP Apo Tome<\/u><\/a><\/p>\n<h2>MICROSC\u00d3PIO DE FLUORESC\u00caNCIA NIKON ECLIPSE Ti<\/h2>\n<p>Para agendamento <span style=\"color: #3366ff;\"><a style=\"color: #3366ff;\" href=\"http:\/\/www2.icb.ufmg.br\/capi\/?page_id=147\">clique aqui<\/a>.<\/span><\/p>\n<ul>\n<li>N\u00ba patrim\u00f4nio UFMG: Em processo<\/li>\n<li>Valor de aquisi\u00e7\u00e3o: US$129,600.45<\/li>\n<li>Forma\u00a0de aquisi\u00e7\u00e3o: Edital pr\u00f3-equipamentos 2011<\/li>\n<li>Ano de aquisi\u00e7\u00e3o: 2012<\/li>\n<li>Proced\u00eancia: Nikon, USA<\/li>\n<li>Projeto coordenado pelo professor: Dawidson A. Gomes<\/li>\n<\/ul>\n<p><strong><span style=\"color: #000000;\">Descri\u00e7\u00e3o do Equipamento<\/span><\/strong><\/p>\n<p style=\"text-align: justify;\"><span style=\"color: #000000;\">O Microsc\u00f3pio de fluoresc\u00eancia Nikon Eclipse Ti foi projetado para troca de filtros tanto de excita\u00e7\u00e3o, utilizando o sistema de ilumina\u00e7\u00e3o Lambda DG-4 (Sutter Instrument, USA), quanto de emiss\u00e3o utilizando o sistema Lambda 10-B (Sutter Instrument, USA).<\/span><\/p>\n<p style=\"text-align: justify;\"><span style=\"color: #000000;\">O sistema de ilumina\u00e7\u00e3o Lambda DG-4 \u00e9 um sistema de ilumina\u00e7\u00e3o completo que oferece rapidez e versatilidade para experimentos que requerem mudan\u00e7a r\u00e1pida de comprimento de onda. O instrumento ret\u00e9m todas as vantagens de sistemas baseados em filtros de interfer\u00eancia, mas elimina as limita\u00e7\u00f5es temporais impostas pela mudan\u00e7a de filtros de sistemas tradicionais mec\u00e2nicos. A comuta\u00e7\u00e3o entre quaisquer dois comprimentos de onda \u00e9 alcan\u00e7ado em menos de 1.2 msec. A alta velocidade de comuta\u00e7\u00e3o do Lambda DG-4 facilita a capacidade de seguir, por exemplo, as altera\u00e7\u00f5es r\u00e1pidas i\u00f4nicas utilizando sondas fluorescentes de dupla exita\u00e7\u00e3o. Estas sondas possibilitam a quantifica\u00e7\u00e3o absoluta da varia\u00e7\u00e3o i\u00f4nica.<\/span><\/p>\n<p style=\"text-align: justify;\"><span style=\"color: #000000;\">O microsc\u00f3pio Eclipse Ti foi equipado com: platina motorizada codificada, condensador com troca autom\u00e1tica de filtros, revolver totalmente motorizado tanto para a troca de objetivas quanto para a mudan\u00e7a de foco e c\u00e2mera EMCCD Luca<sup><span style=\"font-family: Arial; font-size: small;\">EM<\/span><\/sup> R (Andor Techonology, USA). Al\u00e9m disso, todas as fun\u00e7\u00f5es podem ser controladas pelo software NIS AR instalado em uma esta\u00e7\u00e3o de trabalho de alto desempenho. Todos os perif\u00e9ricos s\u00e3o alimentados atrav\u00e9s de <i><span style=\"font-family: Arial; font-size: medium;\">no-breaks<\/span><\/i> para garantir a estabilidade el\u00e9trica do sistema.<\/span><\/p>\n<p><a href=\"https:\/\/i0.wp.com\/www.icb.ufmg.br\/capi\/wp-content\/uploads\/2014\/07\/Microsc%C3%B3pio-de-fluoresc%C3%AAncia.jpg\"><img data-recalc-dims=\"1\" loading=\"lazy\" decoding=\"async\" data-attachment-id=\"261\" data-permalink=\"https:\/\/www2.icb.ufmg.br\/capi\/?attachment_id=261\" data-orig-file=\"https:\/\/i0.wp.com\/www2.icb.ufmg.br\/capi\/wp-content\/uploads\/2014\/07\/Microsc%C3%B3pio-de-fluoresc%C3%AAncia.jpg?fit=352%2C289&amp;ssl=1\" data-orig-size=\"352,289\" data-comments-opened=\"0\" data-image-meta=\"{&quot;aperture&quot;:&quot;0&quot;,&quot;credit&quot;:&quot;&quot;,&quot;camera&quot;:&quot;&quot;,&quot;caption&quot;:&quot;&quot;,&quot;created_timestamp&quot;:&quot;0&quot;,&quot;copyright&quot;:&quot;&quot;,&quot;focal_length&quot;:&quot;0&quot;,&quot;iso&quot;:&quot;0&quot;,&quot;shutter_speed&quot;:&quot;0&quot;,&quot;title&quot;:&quot;&quot;}\" data-image-title=\"Microsc\u00f3pio de fluoresc\u00eancia\" data-image-description=\"\" data-image-caption=\"\" data-medium-file=\"https:\/\/i0.wp.com\/www2.icb.ufmg.br\/capi\/wp-content\/uploads\/2014\/07\/Microsc%C3%B3pio-de-fluoresc%C3%AAncia.jpg?fit=300%2C246&amp;ssl=1\" data-large-file=\"https:\/\/i0.wp.com\/www2.icb.ufmg.br\/capi\/wp-content\/uploads\/2014\/07\/Microsc%C3%B3pio-de-fluoresc%C3%AAncia.jpg?fit=352%2C289&amp;ssl=1\" class=\"size-medium wp-image-261 aligncenter\" src=\"https:\/\/i0.wp.com\/www.icb.ufmg.br\/capi\/wp-content\/uploads\/2014\/07\/Microsc%C3%B3pio-de-fluoresc%C3%AAncia-300x246.jpg?resize=300%2C246\" alt=\"Microsc\u00f3pio de fluoresc\u00eancia\" width=\"300\" height=\"246\" srcset=\"https:\/\/i0.wp.com\/www2.icb.ufmg.br\/capi\/wp-content\/uploads\/2014\/07\/Microsc%C3%B3pio-de-fluoresc%C3%AAncia.jpg?resize=300%2C246&amp;ssl=1 300w, https:\/\/i0.wp.com\/www2.icb.ufmg.br\/capi\/wp-content\/uploads\/2014\/07\/Microsc%C3%B3pio-de-fluoresc%C3%AAncia.jpg?w=352&amp;ssl=1 352w\" sizes=\"auto, (max-width: 300px) 100vw, 300px\" \/><\/a><\/p>\n<p>Para baixar o programa\u00a0Nis Elements Viewer\u00a0<span style=\"color: #3366ff;\"><a style=\"color: #3366ff;\" href=\"http:\/\/www.nikoninstruments.com\/pr_BR\/Products\/Software\/NIS-Elements-Viewer\">clique aqui<\/a><\/span>\u00a0e v\u00e1 em \u201cdownload\u201d.<\/p>\n<p><a href=\"http:\/\/www.icb.ufmg.br\/capi\/wp-content\/uploads\/2015\/09\/POP_Microsc\u00f3pio_de_Fluoresc\u00eancia_NIKON.pdf\">POP_Microsc\u00f3pio_de_Fluoresc\u00eancia_Nikon atualizado<\/a><\/p>\n<p><a href=\"http:\/\/www.icb.ufmg.br\/capi\/wp-content\/uploads\/2014\/07\/Manual-Microsc\u00f3pio-de-Fluorescencia-Eclipse-Ti.pdf\">Manual de opera\u00e7\u00f5es &#8211; Microsc\u00f3pio de Fluorescencia Eclipse Ti<\/a><\/p>\n<p><a href=\"https:\/\/www.microscope.healthcare.nikon.com\/pt_AMS\/products\/software\/nis-elements\/viewer\">Manual NIS-Elements 4.00 AR<\/a><\/p>\n<p><a href=\"http:\/\/www.icb.ufmg.br\/capi\/wp-content\/uploads\/2014\/08\/Filtros_microscopio_de_fluorescencia_NIKON.docx\">Cubos de filtros instalados no microsc\u00f3pio de fluoresc\u00eancia da Nikon<\/a><\/p>\n<p><a title=\"Nikon learning center\" href=\"http:\/\/www.microscopyu.com\/\">Click aqui para aprender mais sobre\u00a0microscopia<\/a><\/p>\n<p><a href=\"https:\/\/www.youtube.com\/watch?v=H5-CfX3XLf0\">Click aqui para ver tutorial para ajustar a imagem de campo claro<\/a><\/p>\n","protected":false},"excerpt":{"rendered":"<p>O pesquisador interessado em utilizar o Centro dever\u00e1 enviar seu formul\u00e1rio e ter sua solicita\u00e7\u00e3o aprovada, assumindo o compromisso de pagar pelos custos para a execu\u00e7\u00e3o das atividades, conforme valores estipulados (veja: \u00a0\u201cTaxa de Uso \u2013 Tabelas\u201d) O usu\u00e1rio deve ser tecnicamente capacitado para utilizar os equipamentos e instala\u00e7\u00f5es do Centro e deve seguir as [&hellip;]<\/p>\n","protected":false},"author":1,"featured_media":0,"parent":0,"menu_order":0,"comment_status":"closed","ping_status":"closed","template":"","meta":{"jetpack_post_was_ever_published":false,"footnotes":""},"class_list":["post-259","page","type-page","status-publish","hentry"],"jetpack_sharing_enabled":true,"jetpack_shortlink":"https:\/\/wp.me\/P6bplh-4b","jetpack-related-posts":[],"_links":{"self":[{"href":"https:\/\/www2.icb.ufmg.br\/capi\/index.php?rest_route=\/wp\/v2\/pages\/259","targetHints":{"allow":["GET"]}}],"collection":[{"href":"https:\/\/www2.icb.ufmg.br\/capi\/index.php?rest_route=\/wp\/v2\/pages"}],"about":[{"href":"https:\/\/www2.icb.ufmg.br\/capi\/index.php?rest_route=\/wp\/v2\/types\/page"}],"author":[{"embeddable":true,"href":"https:\/\/www2.icb.ufmg.br\/capi\/index.php?rest_route=\/wp\/v2\/users\/1"}],"replies":[{"embeddable":true,"href":"https:\/\/www2.icb.ufmg.br\/capi\/index.php?rest_route=%2Fwp%2Fv2%2Fcomments&post=259"}],"version-history":[{"count":36,"href":"https:\/\/www2.icb.ufmg.br\/capi\/index.php?rest_route=\/wp\/v2\/pages\/259\/revisions"}],"predecessor-version":[{"id":1554,"href":"https:\/\/www2.icb.ufmg.br\/capi\/index.php?rest_route=\/wp\/v2\/pages\/259\/revisions\/1554"}],"wp:attachment":[{"href":"https:\/\/www2.icb.ufmg.br\/capi\/index.php?rest_route=%2Fwp%2Fv2%2Fmedia&parent=259"}],"curies":[{"name":"wp","href":"https:\/\/api.w.org\/{rel}","templated":true}]}}