{"id":245,"date":"2014-07-18T17:02:27","date_gmt":"2014-07-18T17:02:27","guid":{"rendered":"http:\/\/www.icb.ufmg.br\/capi\/?page_id=245"},"modified":"2026-01-23T20:33:09","modified_gmt":"2026-01-23T23:33:09","slug":"microscopios-confocais","status":"publish","type":"page","link":"https:\/\/www2.icb.ufmg.br\/capi\/?page_id=245","title":{"rendered":"Microsc\u00f3pios Confocais"},"content":{"rendered":"<p style=\"text-align: justify;\">O pesquisador interessado em utilizar o Centro dever\u00e1 enviar seu formul\u00e1rio e ter sua solicita\u00e7\u00e3o aprovada, assumindo o compromisso de pagar pelos custos para a execu\u00e7\u00e3o das atividades, conforme valores estipulados (veja: \u201c<a href=\"https:\/\/www2.icb.ufmg.br\/capi\/?page_id=63\">Taxa de Uso \u2013 Tabelas<\/a>\u201d)<\/p>\n<p style=\"text-align: justify;\">O usu\u00e1rio deve ser tecnicamente capacitado para utilizar os equipamentos e instala\u00e7\u00f5es do Centro e deve seguir as normas de reserva de hor\u00e1rio.<\/p>\n<h2><span style=\"color: #0000ff;\"><a style=\"color: #0000ff;\" href=\"http:\/\/www2.icb.ufmg.br\/capi\/?page_id=18\">Clique aqui para acessar o formul\u00e1rio para utilizar os microsc\u00f3pios de luz<\/a><\/span><\/h2>\n<h2>MICROSC\u00d3PIO CONFOCAL LSM 880 da ZEISS<\/h2>\n<p>Para agendamento<span style=\"color: #3366ff;\"> <a style=\"color: #3366ff;\" href=\"http:\/\/www2.icb.ufmg.br\/capi\/?page_id=147\">clique aqui<\/a>.<\/span><\/p>\n<ul>\n<li>N\u00ba patrim\u00f4nio UFMG: Em processo<\/li>\n<li>Valor de aquisi\u00e7\u00e3o: EUR ~ 350.000,00 (Projeto Global)<\/li>\n<li>Forma de aquisi\u00e7\u00e3o: CT-INFRA 2013<\/li>\n<li>Ano de aquisi\u00e7\u00e3o: 2015<\/li>\n<li>Proced\u00eancia: Oberkochen, Alemanha<\/li>\n<li>Projeto coordenado pelos professores: Andr\u00e9a Mara Macedo,\u00a0Dawidson A. Gomes,\u00a0Helio Chiarini,\u00a0Luiz Renato de Fran\u00e7a e\u00a0Tomaz Aroldo da Mota Santos<\/li>\n<\/ul>\n<p style=\"text-align: center;\"><a href=\"https:\/\/i0.wp.com\/www.icb.ufmg.br\/capi\/wp-content\/uploads\/2015\/06\/Zeiss-880.jpg\"><img data-recalc-dims=\"1\" loading=\"lazy\" decoding=\"async\" data-attachment-id=\"538\" data-permalink=\"https:\/\/www2.icb.ufmg.br\/capi\/?attachment_id=538\" data-orig-file=\"https:\/\/i0.wp.com\/www2.icb.ufmg.br\/capi\/wp-content\/uploads\/2015\/06\/Zeiss-880.jpg?fit=500%2C258&amp;ssl=1\" data-orig-size=\"500,258\" data-comments-opened=\"0\" data-image-meta=\"{&quot;aperture&quot;:&quot;0&quot;,&quot;credit&quot;:&quot;&quot;,&quot;camera&quot;:&quot;&quot;,&quot;caption&quot;:&quot;&quot;,&quot;created_timestamp&quot;:&quot;0&quot;,&quot;copyright&quot;:&quot;&quot;,&quot;focal_length&quot;:&quot;0&quot;,&quot;iso&quot;:&quot;0&quot;,&quot;shutter_speed&quot;:&quot;0&quot;,&quot;title&quot;:&quot;&quot;,&quot;orientation&quot;:&quot;0&quot;}\" data-image-title=\"Zeiss LSM 880\" data-image-description=\"\" data-image-caption=\"\" data-medium-file=\"https:\/\/i0.wp.com\/www2.icb.ufmg.br\/capi\/wp-content\/uploads\/2015\/06\/Zeiss-880.jpg?fit=300%2C155&amp;ssl=1\" data-large-file=\"https:\/\/i0.wp.com\/www2.icb.ufmg.br\/capi\/wp-content\/uploads\/2015\/06\/Zeiss-880.jpg?fit=500%2C258&amp;ssl=1\" class=\"alignnone size-medium wp-image-538\" src=\"https:\/\/i0.wp.com\/www.icb.ufmg.br\/capi\/wp-content\/uploads\/2015\/06\/Zeiss-880-300x155.jpg?resize=300%2C155\" alt=\"Zeiss LSM 880\" width=\"300\" height=\"155\" srcset=\"https:\/\/i0.wp.com\/www2.icb.ufmg.br\/capi\/wp-content\/uploads\/2015\/06\/Zeiss-880.jpg?resize=300%2C155&amp;ssl=1 300w, https:\/\/i0.wp.com\/www2.icb.ufmg.br\/capi\/wp-content\/uploads\/2015\/06\/Zeiss-880.jpg?w=500&amp;ssl=1 500w\" sizes=\"auto, (max-width: 300px) 100vw, 300px\" \/><\/a><\/p>\n<p><em>Descri\u00e7\u00e3o do equipamento:<\/em><\/p>\n<p style=\"text-align: justify;\">O microsc\u00f3pio confocal modelo 880\u00a0da Zeiss inclui: microsc\u00f3pio AXIO OBSERVER Z1 para epi-fluoresc\u00eancia e\u00a0luz transmitida; \u00a0platina motorizada; 2\u00a0detectors (<a href=\"http:\/\/zeiss-campus.magnet.fsu.edu\/tutorials\/spectralimaging\/quasar34ch\/indexflash.html\">QUASAR de 34 canais<\/a> e o Airy Scan); um laser de 405 nm; 3 lasers para espectro vis\u00edvel \u2013 Ar multilinha (458, 488 e 514 nm), HeNe1 (543 nm) e HeNe2 (633 nm); mesa antivibrat\u00f3ria; no break de 10KVa; esta\u00e7\u00e3o de trabalho HP Z820 com 80 Gb RAM com um monitor de 32\u201d. O 880 \u00e9 gerenciado pelo software ZEN2 que salva as imagens no formato\u00a0 .CZI. Para abrir as imagens .CZI \u00e9 s\u00f3 utilizar o ZEN Lite Black edition que pode ser adquirido gratuitamente pelo link abaixo pelo site da Zeiss. A vers\u00e3o Black \u00e9 para os sistemas confocais.<\/p>\n<p><a href=\"http:\/\/www2.icb.ufmg.br\/capi\/wp-content\/uploads\/2020\/11\/POP-LSM-880-Airyscan_13102016.pdf\">POP Microsc\u00f3pio confocal Zeiss LSM 880<\/a><\/p>\n<p style=\"text-align: justify;\"><span style=\"color: #3366ff;\"><a style=\"color: #3366ff;\" href=\"https:\/\/www.zeiss.com\/microscopy\/en\/products\/software\/zeiss-zen-lite.html\">Click aqui para fazer o download do ZEN Lite &#8220;Black edition&#8221;<\/a><\/span><\/p>\n<header class=\"entry-header\">\n<h1><\/h1>\n<h1 class=\"entry-title\"><strong style=\"color: revert;\"><b>MICROSC\u00d3PIO CONFOCAL <\/b><\/strong><strong style=\"color: revert;\"><b>S<\/b><\/strong><strong style=\"color: revert;\"><b>PINNING DISK<\/b><\/strong><strong style=\"color: revert;\"><b>\u00a0YOKOGAWA \u2013 3i<\/b><\/strong><\/h1>\n<\/header>\n<div class=\"entry-content\">\n<ul>\n<li>Valor de aquisi\u00e7\u00e3o: DOLAR 251.085,58<\/li>\n<li>Forma de aquisi\u00e7\u00e3o: FINEP<\/li>\n<li>Ano de aquisi\u00e7\u00e3o: 2022<\/li>\n<li>Proced\u00eancia: Denver, EUA<\/li>\n<li>Empresa: 3i \u2013 Intelligent Imaging Innovations<\/li>\n<li>Projeto coordenado pelos professores: Geovanni Dantas Cassali e Dawidson A. Gomes<\/li>\n<\/ul>\n<h3><strong><em><i>Descri\u00e7\u00e3o do Equipamento:<\/i><\/em><\/strong><\/h3>\n<h3><strong><em><i><a href=\"https:\/\/i0.wp.com\/www2.icb.ufmg.br\/capi\/wp-content\/uploads\/2023\/03\/20230306_100257-scaled.jpg\"><img loading=\"lazy\" decoding=\"async\" data-attachment-id=\"1390\" data-permalink=\"https:\/\/www2.icb.ufmg.br\/capi\/?attachment_id=1390\" data-orig-file=\"https:\/\/i0.wp.com\/www2.icb.ufmg.br\/capi\/wp-content\/uploads\/2023\/03\/20230306_100257-scaled.jpg?fit=1153%2C2560&amp;ssl=1\" data-orig-size=\"1153,2560\" data-comments-opened=\"0\" data-image-meta=\"{&quot;aperture&quot;:&quot;1.8&quot;,&quot;credit&quot;:&quot;&quot;,&quot;camera&quot;:&quot;SM-G980F&quot;,&quot;caption&quot;:&quot;&quot;,&quot;created_timestamp&quot;:&quot;1678096977&quot;,&quot;copyright&quot;:&quot;&quot;,&quot;focal_length&quot;:&quot;5.4&quot;,&quot;iso&quot;:&quot;200&quot;,&quot;shutter_speed&quot;:&quot;0.025&quot;,&quot;title&quot;:&quot;&quot;,&quot;orientation&quot;:&quot;1&quot;}\" data-image-title=\"20230306_100257\" data-image-description=\"\" data-image-caption=\"\" data-medium-file=\"https:\/\/i0.wp.com\/www2.icb.ufmg.br\/capi\/wp-content\/uploads\/2023\/03\/20230306_100257-scaled.jpg?fit=135%2C300&amp;ssl=1\" data-large-file=\"https:\/\/i0.wp.com\/www2.icb.ufmg.br\/capi\/wp-content\/uploads\/2023\/03\/20230306_100257-scaled.jpg?fit=461%2C1024&amp;ssl=1\" class=\"wp-image-1390 alignright\" src=\"https:\/\/i0.wp.com\/www2.icb.ufmg.br\/capi\/wp-content\/uploads\/2023\/03\/20230306_100257.jpg?resize=177%2C393\" sizes=\"auto, (max-width: 177px) 100vw, 177px\" srcset=\"https:\/\/i0.wp.com\/www2.icb.ufmg.br\/capi\/wp-content\/uploads\/2023\/03\/20230306_100257-scaled.jpg?resize=135%2C300&amp;ssl=1 135w, https:\/\/i0.wp.com\/www2.icb.ufmg.br\/capi\/wp-content\/uploads\/2023\/03\/20230306_100257-scaled.jpg?resize=461%2C1024&amp;ssl=1 461w, https:\/\/i0.wp.com\/www2.icb.ufmg.br\/capi\/wp-content\/uploads\/2023\/03\/20230306_100257-scaled.jpg?resize=768%2C1705&amp;ssl=1 768w, https:\/\/i0.wp.com\/www2.icb.ufmg.br\/capi\/wp-content\/uploads\/2023\/03\/20230306_100257-scaled.jpg?resize=692%2C1536&amp;ssl=1 692w, https:\/\/i0.wp.com\/www2.icb.ufmg.br\/capi\/wp-content\/uploads\/2023\/03\/20230306_100257-scaled.jpg?resize=922%2C2048&amp;ssl=1 922w, https:\/\/i0.wp.com\/www2.icb.ufmg.br\/capi\/wp-content\/uploads\/2023\/03\/20230306_100257-scaled.jpg?resize=624%2C1385&amp;ssl=1 624w, https:\/\/i0.wp.com\/www2.icb.ufmg.br\/capi\/wp-content\/uploads\/2023\/03\/20230306_100257-scaled.jpg?w=1153&amp;ssl=1 1153w\" alt=\"\" width=\"177\" height=\"393\" data-attachment-id=\"1390\" data-permalink=\"https:\/\/www2.icb.ufmg.br\/capi\/?attachment_id=1390\" data-orig-file=\"https:\/\/i0.wp.com\/www2.icb.ufmg.br\/capi\/wp-content\/uploads\/2023\/03\/20230306_100257-scaled.jpg?fit=1153%2C2560&amp;ssl=1\" data-orig-size=\"1153,2560\" data-comments-opened=\"0\" data-image-meta=\"{&quot;aperture&quot;:&quot;1.8&quot;,&quot;credit&quot;:&quot;&quot;,&quot;camera&quot;:&quot;SM-G980F&quot;,&quot;caption&quot;:&quot;&quot;,&quot;created_timestamp&quot;:&quot;1678096977&quot;,&quot;copyright&quot;:&quot;&quot;,&quot;focal_length&quot;:&quot;5.4&quot;,&quot;iso&quot;:&quot;200&quot;,&quot;shutter_speed&quot;:&quot;0.025&quot;,&quot;title&quot;:&quot;&quot;,&quot;orientation&quot;:&quot;1&quot;}\" data-image-title=\"20230306_100257\" data-image-description=\"\" data-image-caption=\"\" data-medium-file=\"https:\/\/i0.wp.com\/www2.icb.ufmg.br\/capi\/wp-content\/uploads\/2023\/03\/20230306_100257-scaled.jpg?fit=135%2C300&amp;ssl=1\" data-large-file=\"https:\/\/i0.wp.com\/www2.icb.ufmg.br\/capi\/wp-content\/uploads\/2023\/03\/20230306_100257-scaled.jpg?fit=461%2C1024&amp;ssl=1\" \/><\/a><\/i><\/em><\/strong><\/h3>\n<p>O sistema inclui um \u00a0Microsc\u00f3pio Upright \u00a0Zeiss Axio Examiner D1 Advanced VIVO para t\u00e9cnicas de fluoresc\u00eancia e luz transmitida, com as seguintes especifica\u00e7\u00f5es:<\/p>\n<p>Objetivas:<\/p>\n<p>EC Plan-NEOFLUR 10x NA 0,3<\/p>\n<p>LD Plan-NEOFLUR\u00a0 20x NA 0,4 Korr<\/p>\n<p>W Plano-Apo 20x NA 1.0 Water Dipping for VIVO<\/p>\n<p>EC Plan-NEOFLUR 40x NA 1,3 Oil DIC<\/p>\n<p>Plan-APOCHROMAT\u00a0 63x NA 1,4 Oil DIC<\/p>\n<p>Cubo de filtros:<\/p>\n<p>DAPI (ex 405 em 457nm)<\/p>\n<p>FITC (ex 488 em 528nm)<\/p>\n<p>Cy3 (ex 561 em 617nm)<\/p>\n<p>Stage manual X,Y<\/p>\n<p>Ilumina\u00e7\u00e3o:<\/p>\n<p>TL \u2013 LED<\/p>\n<p>Fluor- X-Cite mini com 385nm UV LED<\/p>\n<p>A Unidade de Scanner Confocal CSU-W1 Yokogawa possui um campo de vis\u00e3o confocal mais amplo, fornecendo a aquisi\u00e7\u00e3o de imagens com uma resolu\u00e7\u00e3o mais clara e maior rapidez. A Unidade de Scanner cont\u00e9m:<\/p>\n<p>Scanhead: Yokogawa CSU- W1<\/p>\n<p>Disco de microlentes<\/p>\n<p>Disco com pinholes de 50\u00a0\u03bcm \u2013 velocidade m\u00e1x 4.000 rpm \u2013<\/p>\n<p>Velocidade de aquisi\u00e7\u00e3o: 200 fps<\/p>\n<p>Dicroicos: 405, 488, 561 e 633 nm<\/p>\n<p>Filtro de barreira (emiss\u00e3o): Bandpass 445\/45, 525\/30 e 617\/73nm<\/p>\n<p>A ilumina\u00e7\u00e3o do sistema confocal \u00e9 atrav\u00e9s das linhas de Laser \u00a0405, 488, 561 e 633 nm. Os lasers s\u00e3o controlados por um Laser Stack v4 \u00a0e sincronizado pelo TTL para o software SlideBook<\/p>\n<p>Acoplado ao sistema, temos uma C\u00e2mera CMOS Teledyne Prime BSI Express 4.2 mp, com \u00a095% QE e pixel size de 6,5 \u03bcm<\/p>\n<p>O sistema possui uma mesa de isolamento de vibra\u00e7\u00e3o TMC CleanBench 900\u00d7900 com ar comprimido. (nitrog\u00eanio).<\/p>\n<p>O Workstation de aquisi\u00e7\u00e3o \u00e9 um Dell 110 Dual 8-Core Xeon Bronze e monitor de 27\u2033 4k.<\/p>\n<p>Todo o sistema \u00e9 gerenciado pelo software SlideBook da 3i.<\/p>\n<p><a href=\"https:\/\/go.intelligent-imaging.com\/get-slidebook-reader\">Clique aqui para fazer Download do SlideBook 3i<\/a><\/p>\n<\/div>\n","protected":false},"excerpt":{"rendered":"<p>O pesquisador interessado em utilizar o Centro dever\u00e1 enviar seu formul\u00e1rio e ter sua solicita\u00e7\u00e3o aprovada, assumindo o compromisso de pagar pelos custos para a execu\u00e7\u00e3o das atividades, conforme valores estipulados (veja: \u201cTaxa de Uso \u2013 Tabelas\u201d) O usu\u00e1rio deve ser tecnicamente capacitado para utilizar os equipamentos e instala\u00e7\u00f5es do Centro e deve seguir as [&hellip;]<\/p>\n","protected":false},"author":1,"featured_media":0,"parent":0,"menu_order":0,"comment_status":"closed","ping_status":"closed","template":"","meta":{"jetpack_post_was_ever_published":false,"footnotes":""},"class_list":["post-245","page","type-page","status-publish","hentry"],"jetpack_sharing_enabled":true,"jetpack_shortlink":"https:\/\/wp.me\/P6bplh-3X","jetpack-related-posts":[],"_links":{"self":[{"href":"https:\/\/www2.icb.ufmg.br\/capi\/index.php?rest_route=\/wp\/v2\/pages\/245","targetHints":{"allow":["GET"]}}],"collection":[{"href":"https:\/\/www2.icb.ufmg.br\/capi\/index.php?rest_route=\/wp\/v2\/pages"}],"about":[{"href":"https:\/\/www2.icb.ufmg.br\/capi\/index.php?rest_route=\/wp\/v2\/types\/page"}],"author":[{"embeddable":true,"href":"https:\/\/www2.icb.ufmg.br\/capi\/index.php?rest_route=\/wp\/v2\/users\/1"}],"replies":[{"embeddable":true,"href":"https:\/\/www2.icb.ufmg.br\/capi\/index.php?rest_route=%2Fwp%2Fv2%2Fcomments&post=245"}],"version-history":[{"count":77,"href":"https:\/\/www2.icb.ufmg.br\/capi\/index.php?rest_route=\/wp\/v2\/pages\/245\/revisions"}],"predecessor-version":[{"id":1549,"href":"https:\/\/www2.icb.ufmg.br\/capi\/index.php?rest_route=\/wp\/v2\/pages\/245\/revisions\/1549"}],"wp:attachment":[{"href":"https:\/\/www2.icb.ufmg.br\/capi\/index.php?rest_route=%2Fwp%2Fv2%2Fmedia&parent=245"}],"curies":[{"name":"wp","href":"https:\/\/api.w.org\/{rel}","templated":true}]}}