{"id":22,"date":"2025-03-26T14:08:24","date_gmt":"2025-03-26T17:08:24","guid":{"rendered":"http:\/\/www.icb.ufmg.br\/capi\/?page_id=22"},"modified":"2026-02-05T11:08:30","modified_gmt":"2026-02-05T14:08:30","slug":"custos","status":"publish","type":"page","link":"https:\/\/www2.icb.ufmg.br\/capi\/?page_id=22","title":{"rendered":"Custos"},"content":{"rendered":"<p>Antes de autorizar a execu\u00e7\u00e3o do trabalho no Centro, o coordenador deve analisar os custos relativos \u00e0s v\u00e1rias etapas a serem executadas (ver Tabelas de Custos abaixo) e calcular, dependendo do tipo dos recursos dispon\u00edveis, a viabilidade financeira e a possibilidade t\u00e9cnica do pagamento. Sugere-se que os pesquisadores solicitem junto \u00e0s fontes financiadores verba espec\u00edfica para pagamento de servi\u00e7os de terceiros junto ao CAPI.<\/p>\n<p>Tabelas de Custos para servi\u00e7os prestados no CAPI<\/p>\n\n\n\n\n\n\n<p><a href=\"http:\/\/www2.icb.ufmg.br\/capi\/wp-content\/uploads\/2026\/02\/CAPI-Taxas-de-uso-2026.pdf\">Tabela de Custos 2026-<\/a><\/p>\n\n\n","protected":false},"excerpt":{"rendered":"<p>Antes de autorizar a execu\u00e7\u00e3o do trabalho no Centro, o coordenador deve analisar os custos relativos \u00e0s v\u00e1rias etapas a serem executadas (ver Tabelas de Custos abaixo) e calcular, dependendo do tipo dos recursos dispon\u00edveis, a viabilidade financeira e a possibilidade t\u00e9cnica do pagamento. Sugere-se que os pesquisadores solicitem junto \u00e0s fontes financiadores verba espec\u00edfica [&hellip;]<\/p>\n","protected":false},"author":1,"featured_media":0,"parent":0,"menu_order":0,"comment_status":"closed","ping_status":"open","template":"","meta":{"jetpack_post_was_ever_published":false,"footnotes":""},"class_list":["post-22","page","type-page","status-publish","hentry"],"jetpack_sharing_enabled":true,"jetpack_shortlink":"https:\/\/wp.me\/P6bplh-m","jetpack-related-posts":[],"_links":{"self":[{"href":"https:\/\/www2.icb.ufmg.br\/capi\/index.php?rest_route=\/wp\/v2\/pages\/22","targetHints":{"allow":["GET"]}}],"collection":[{"href":"https:\/\/www2.icb.ufmg.br\/capi\/index.php?rest_route=\/wp\/v2\/pages"}],"about":[{"href":"https:\/\/www2.icb.ufmg.br\/capi\/index.php?rest_route=\/wp\/v2\/types\/page"}],"author":[{"embeddable":true,"href":"https:\/\/www2.icb.ufmg.br\/capi\/index.php?rest_route=\/wp\/v2\/users\/1"}],"replies":[{"embeddable":true,"href":"https:\/\/www2.icb.ufmg.br\/capi\/index.php?rest_route=%2Fwp%2Fv2%2Fcomments&post=22"}],"version-history":[{"count":7,"href":"https:\/\/www2.icb.ufmg.br\/capi\/index.php?rest_route=\/wp\/v2\/pages\/22\/revisions"}],"predecessor-version":[{"id":1561,"href":"https:\/\/www2.icb.ufmg.br\/capi\/index.php?rest_route=\/wp\/v2\/pages\/22\/revisions\/1561"}],"wp:attachment":[{"href":"https:\/\/www2.icb.ufmg.br\/capi\/index.php?rest_route=%2Fwp%2Fv2%2Fmedia&parent=22"}],"curies":[{"name":"wp","href":"https:\/\/api.w.org\/{rel}","templated":true}]}}