{"id":20,"date":"2013-10-18T13:16:05","date_gmt":"2013-10-18T13:16:05","guid":{"rendered":"http:\/\/www.icb.ufmg.br\/capi\/?page_id=20"},"modified":"2026-01-23T20:45:01","modified_gmt":"2026-01-23T23:45:01","slug":"registro-e-execucao","status":"publish","type":"page","link":"https:\/\/www2.icb.ufmg.br\/capi\/?page_id=20","title":{"rendered":"Registro e Execu\u00e7\u00e3o"},"content":{"rendered":"<p style=\"text-align: justify;\">Se aprovado, o formul\u00e1rio ser\u00e1 encaminhado para o Centro pelo coordenador da \u00e1rea, que autorizar\u00e1 o registro do mesmo no sistema de controle de execu\u00e7\u00e3o de trabalho do CAPI, numa sequ\u00eancia cronol\u00f3gica de entrada. Neste momento ser\u00e1 criado um n\u00famero de registro do projeto no Centro que dever\u00e1 ser utilizado para acompanhar o andamento do trabalho. A execu\u00e7\u00e3o dos trabalhos que utilizam microscopia confocal ser\u00e1 supervisionada pelo professor Dawidson Assis Gomes e microdissec\u00e7\u00e3o a laser pelo professor Geovanni Dantas Cassali, que contar\u00e3o com o apoio t\u00e9cnico dos funcion\u00e1rios Samuel Tadeu Rocha, Natalia Katley Oliveira e Natalia Oliveira P. Maciel. A execu\u00e7\u00e3o dos trabalhos que utilizam Typhon ser\u00e1 supervisionada pela professora Silvia Carolina Guatimosim.<\/p>\n","protected":false},"excerpt":{"rendered":"<p>Se aprovado, o formul\u00e1rio ser\u00e1 encaminhado para o Centro pelo coordenador da \u00e1rea, que autorizar\u00e1 o registro do mesmo no sistema de controle de execu\u00e7\u00e3o de trabalho do CAPI, numa sequ\u00eancia cronol\u00f3gica de entrada. Neste momento ser\u00e1 criado um n\u00famero de registro do projeto no Centro que dever\u00e1 ser utilizado para acompanhar o andamento do [&hellip;]<\/p>\n","protected":false},"author":1,"featured_media":0,"parent":0,"menu_order":0,"comment_status":"closed","ping_status":"open","template":"","meta":{"jetpack_post_was_ever_published":false,"footnotes":""},"class_list":["post-20","page","type-page","status-publish","hentry"],"jetpack_sharing_enabled":true,"jetpack_shortlink":"https:\/\/wp.me\/P6bplh-k","jetpack-related-posts":[],"_links":{"self":[{"href":"https:\/\/www2.icb.ufmg.br\/capi\/index.php?rest_route=\/wp\/v2\/pages\/20","targetHints":{"allow":["GET"]}}],"collection":[{"href":"https:\/\/www2.icb.ufmg.br\/capi\/index.php?rest_route=\/wp\/v2\/pages"}],"about":[{"href":"https:\/\/www2.icb.ufmg.br\/capi\/index.php?rest_route=\/wp\/v2\/types\/page"}],"author":[{"embeddable":true,"href":"https:\/\/www2.icb.ufmg.br\/capi\/index.php?rest_route=\/wp\/v2\/users\/1"}],"replies":[{"embeddable":true,"href":"https:\/\/www2.icb.ufmg.br\/capi\/index.php?rest_route=%2Fwp%2Fv2%2Fcomments&post=20"}],"version-history":[{"count":11,"href":"https:\/\/www2.icb.ufmg.br\/capi\/index.php?rest_route=\/wp\/v2\/pages\/20\/revisions"}],"predecessor-version":[{"id":1553,"href":"https:\/\/www2.icb.ufmg.br\/capi\/index.php?rest_route=\/wp\/v2\/pages\/20\/revisions\/1553"}],"wp:attachment":[{"href":"https:\/\/www2.icb.ufmg.br\/capi\/index.php?rest_route=%2Fwp%2Fv2%2Fmedia&parent=20"}],"curies":[{"name":"wp","href":"https:\/\/api.w.org\/{rel}","templated":true}]}}