{"id":172,"date":"2013-10-21T11:32:56","date_gmt":"2013-10-21T11:32:56","guid":{"rendered":"http:\/\/www.icb.ufmg.br\/capi\/?page_id=172"},"modified":"2025-01-23T15:11:56","modified_gmt":"2025-01-23T18:11:56","slug":"historia-2","status":"publish","type":"page","link":"https:\/\/www2.icb.ufmg.br\/capi\/?page_id=172","title":{"rendered":"Hist\u00f3ria"},"content":{"rendered":"<p style=\"text-align: justify;\">O Centro de Microscopia Eletr\u00f4nica (CEMEL) foi criado em 1987, atrav\u00e9s da Resolu\u00e7\u00e3o Complementar de 02\/06\/87, do Conselho Universit\u00e1rio da UFMG, que transformou o ent\u00e3o\u00a0 Laborat\u00f3rio de Microscopia do Departamento de Morfologia em \u00f3rg\u00e3o complementar do ICB. Desde a sua cria\u00e7\u00e3o o CEMEL \u00e9 administrado pelo Conselho Diretor formado por professores com experi\u00eancia em pesquisa ultra-estrutural e indicados pela Congrega\u00e7\u00e3o do ICB. A partir de julho de 2013, o Conselho Universit\u00e1rio aprovou novo Regimento Interno e o CEMEL passou a ser chamado de <strong>CAPI, Centro de Aquisi\u00e7\u00e3o e Processamento de Imagens.<\/strong><\/p>\n<p>Veja a<strong> <a href=\"http:\/\/www2.icb.ufmg.br\/capi\/wp-content\/uploads\/2022\/05\/Organograma-Capi-Maio-2022-PDF.pdf\">&#8220;Estrutura Organizacional do CAPI&#8221;\u00a0<\/a>\u00a0<a href=\"http:\/\/www.icb.ufmg.br\/capi\/wp-content\/uploads\/2013\/10\/Organograma-Capi-Jul-2013.pdf\"><br \/>\n<\/a><\/strong><\/p>\n<p>Consulte nosso <strong><a href=\"http:\/\/www2.icb.ufmg.br\/capi\/wp-content\/uploads\/2019\/10\/Regimento-Interno-CAPI.pdf\">Regimento Interno<\/a><\/strong><\/p>\n<p><strong>Primeiro conselho diretor do CAPI<\/strong><\/p>\n<div align=\"center\">\n<table border=\"1\" width=\"559\" cellspacing=\"0\" cellpadding=\"0\">\n<tbody>\n<tr>\n<td width=\"159\">\n<p align=\"center\"><b>Professores<\/b><\/p>\n<\/td>\n<td width=\"108\">\n<p align=\"center\"><b>Departamentos<\/b><\/p>\n<\/td>\n<td width=\"72\">\n<p align=\"center\"><b>Sala<\/b><\/p>\n<\/td>\n<td width=\"62\">\n<p align=\"center\"><b>Ramal<\/b><\/p>\n<\/td>\n<td width=\"157\">\n<p align=\"center\"><b>E-mail<\/b><\/p>\n<\/td>\n<\/tr>\n<tr>\n<td width=\"159\">\n<p align=\"center\"><span style=\"color: #000000;\">Christopher Kushmerick<\/span><\/p>\n<\/td>\n<td width=\"108\">\n<p align=\"center\">Fisiologia<\/p>\n<\/td>\n<td width=\"72\">\n<p align=\"center\">D4-165<\/p>\n<\/td>\n<td width=\"62\">\n<p align=\"center\">2987<\/p>\n<\/td>\n<td width=\"157\">\n<p align=\"center\"><a href=\"mailto:kushmerick@icb.ufmg.br\">kushmerick@icb.ufmg.br<\/a><\/p>\n<\/td>\n<\/tr>\n<tr>\n<td width=\"159\">\n<p align=\"center\"><span style=\"color: #000000;\">Dawidson Gomes &#8211; Vice-Diretor<\/span><\/p>\n<\/td>\n<td width=\"108\">\n<p align=\"center\">Bioqu\u00edmica e Imunologia<\/p>\n<\/td>\n<td width=\"72\">\n<p align=\"center\">Q4-238<\/p>\n<\/td>\n<td width=\"62\">\n<p align=\"center\">2631<\/p>\n<\/td>\n<td width=\"157\">\n<p align=\"center\"><a href=\"mailto:dawidson@icb.ufmg.br\">dawidson@icb.ufmg.br<\/a><\/p>\n<\/td>\n<\/tr>\n<tr>\n<td width=\"159\">\n<p align=\"center\"><span style=\"color: #000000;\">Geovanni Cassali<\/span><\/p>\n<\/td>\n<td width=\"108\">\n<p align=\"center\">Patologia Geral<\/p>\n<\/td>\n<td width=\"72\">\n<p align=\"center\">C3 &#8211; 102<\/p>\n<\/td>\n<td width=\"62\">\n<p align=\"center\">2891<\/p>\n<\/td>\n<td width=\"157\">\n<p align=\"center\"><a href=\"mailto:cassalig@icb.ufmg.br\">cassalig@icb.ufmg.br<\/a><\/p>\n<\/td>\n<\/tr>\n<tr>\n<td width=\"159\">\n<p align=\"center\"><span style=\"color: #000000;\">Gregory Kitten<\/span><\/p>\n<\/td>\n<td width=\"108\">\n<p align=\"center\">Morfologia<\/p>\n<\/td>\n<td width=\"72\">\n<p align=\"center\">J3 &#8211; 310<\/p>\n<\/td>\n<td width=\"62\">\n<p align=\"center\">2806<\/p>\n<\/td>\n<td width=\"157\">\n<p align=\"center\"><a href=\"mailto:kitten@icb.ufmg.br\">kitten@icb.ufmg.br<\/a><\/p>\n<\/td>\n<\/tr>\n<tr>\n<td width=\"159\">\n<p align=\"center\"><span style=\"color: #000000;\">H\u00e9lio Chiarini Garcia &#8211; Diretor<\/span><\/p>\n<\/td>\n<td width=\"108\">\n<p align=\"center\">Morfologia<\/p>\n<\/td>\n<td width=\"72\">\n<p align=\"center\">O3 &#8211; 165<\/p>\n<\/td>\n<td width=\"62\">\n<p align=\"center\">2807<\/p>\n<\/td>\n<td width=\"157\">\n<p align=\"center\"><a href=\"mailto:chiarini@icb.ufmg.br\">chiarini@icb.ufmg.br<\/a><\/p>\n<\/td>\n<\/tr>\n<tr>\n<td width=\"159\">\n<p align=\"center\"><span style=\"color: #000000;\">Rosy Mary dos Santos Isaias<\/span><\/p>\n<\/td>\n<td width=\"108\">\n<p align=\"center\">Bot\u00e2nica<\/p>\n<\/td>\n<td width=\"72\">\n<p align=\"center\">I2-165<\/p>\n<\/td>\n<td width=\"62\">\n<p align=\"center\">2687<\/p>\n<\/td>\n<td width=\"157\">\n<p align=\"center\"><a href=\"mailto:rosy@icb.ufmg.br\">rosy@icb.ufmg.br<\/a><\/p>\n<\/td>\n<\/tr>\n<tr>\n<td width=\"159\">\n<p align=\"center\"><span style=\"color: #000000;\">Silvia Guatimosim<\/span><\/p>\n<\/td>\n<td width=\"108\">\n<p align=\"center\">Fisiologia<\/p>\n<\/td>\n<td width=\"72\">\n<p align=\"center\">D4 &#8211; 165<\/p>\n<\/td>\n<td width=\"62\">\n<p align=\"center\">2952<\/p>\n<\/td>\n<td width=\"157\">\n<p align=\"center\"><a href=\"mailto:guatimosim@icb.ufmg.br\">guatimosim@icb.ufmg.br<\/a><\/p>\n<\/td>\n<\/tr>\n<\/tbody>\n<\/table>\n<\/div>\n","protected":false},"excerpt":{"rendered":"<p>O Centro de Microscopia Eletr\u00f4nica (CEMEL) foi criado em 1987, atrav\u00e9s da Resolu\u00e7\u00e3o Complementar de 02\/06\/87, do Conselho Universit\u00e1rio da UFMG, que transformou o ent\u00e3o\u00a0 Laborat\u00f3rio de Microscopia do Departamento de Morfologia em \u00f3rg\u00e3o complementar do ICB. Desde a sua cria\u00e7\u00e3o o CEMEL \u00e9 administrado pelo Conselho Diretor formado por professores com experi\u00eancia em pesquisa [&hellip;]<\/p>\n","protected":false},"author":1,"featured_media":0,"parent":0,"menu_order":0,"comment_status":"closed","ping_status":"closed","template":"","meta":{"jetpack_post_was_ever_published":false,"footnotes":""},"class_list":["post-172","page","type-page","status-publish","hentry"],"jetpack_sharing_enabled":true,"jetpack_shortlink":"https:\/\/wp.me\/P6bplh-2M","jetpack-related-posts":[],"_links":{"self":[{"href":"https:\/\/www2.icb.ufmg.br\/capi\/index.php?rest_route=\/wp\/v2\/pages\/172","targetHints":{"allow":["GET"]}}],"collection":[{"href":"https:\/\/www2.icb.ufmg.br\/capi\/index.php?rest_route=\/wp\/v2\/pages"}],"about":[{"href":"https:\/\/www2.icb.ufmg.br\/capi\/index.php?rest_route=\/wp\/v2\/types\/page"}],"author":[{"embeddable":true,"href":"https:\/\/www2.icb.ufmg.br\/capi\/index.php?rest_route=\/wp\/v2\/users\/1"}],"replies":[{"embeddable":true,"href":"https:\/\/www2.icb.ufmg.br\/capi\/index.php?rest_route=%2Fwp%2Fv2%2Fcomments&post=172"}],"version-history":[{"count":18,"href":"https:\/\/www2.icb.ufmg.br\/capi\/index.php?rest_route=\/wp\/v2\/pages\/172\/revisions"}],"predecessor-version":[{"id":1485,"href":"https:\/\/www2.icb.ufmg.br\/capi\/index.php?rest_route=\/wp\/v2\/pages\/172\/revisions\/1485"}],"wp:attachment":[{"href":"https:\/\/www2.icb.ufmg.br\/capi\/index.php?rest_route=%2Fwp%2Fv2%2Fmedia&parent=172"}],"curies":[{"name":"wp","href":"https:\/\/api.w.org\/{rel}","templated":true}]}}