{"id":16,"date":"2013-10-18T13:15:14","date_gmt":"2013-10-18T13:15:14","guid":{"rendered":"http:\/\/www.icb.ufmg.br\/capi\/?page_id=16"},"modified":"2020-10-02T14:35:52","modified_gmt":"2020-10-02T17:35:52","slug":"infraestrutura-e-processamentos","status":"publish","type":"page","link":"https:\/\/www2.icb.ufmg.br\/capi\/?page_id=16","title":{"rendered":"Equipamentos"},"content":{"rendered":"<p style=\"text-align: justify;\">O CAPI possui, atualmente, tr\u00eas microsc\u00f3pios confocais Zeiss (<a title=\"Microsc\u00f3pios Confocais\" href=\"http:\/\/www.icb.ufmg.br\/capi\/?page_id=245\">510 META, 880 e 5 LIVE<\/a>) e dois\u00a0microsc\u00f3pios de fluoresc\u00eancia (<a href=\"https:\/\/www2.icb.ufmg.br\/capi\/?page_id=259\">Nikon Eclipse<\/a> e <a href=\"https:\/\/www2.icb.ufmg.br\/capi\/?page_id=711\">Zeiss Apotome<\/a>), os quais podem ser usados para estudos e an\u00e1lises avan\u00e7adas\u00a0de microscopia de luz. Al\u00e9m disto, um aparelho de <a title=\"Microdissec\u00e7\u00e3o a laser\" href=\"http:\/\/www.icb.ufmg.br\/capi\/?page_id=266\">microdissec\u00e7\u00e3o a laser<\/a>, um <a title=\"Scanner de l\u00e2minas\" href=\"http:\/\/www.icb.ufmg.br\/capi\/?page_id=276\">microsc\u00f3pio digital<\/a> (scanner de l\u00e2minas) para digitaliza\u00e7\u00e3o de l\u00e2minas histol\u00f3gicas, outro de an\u00e1lise de g\u00e9is, o <a title=\"Typhoon\" href=\"http:\/\/www.icb.ufmg.br\/capi\/?page_id=288\">Tyhoon FLA 9000<\/a> da GE e um leitor de fluorometria e microscopia, <a href=\"https:\/\/www2.icb.ufmg.br\/capi\/?page_id=986\">Cytation 5 Cell<\/a> da Biotek<\/p>\n<p style=\"text-align: justify;\">\n","protected":false},"excerpt":{"rendered":"<p>O CAPI possui, atualmente, tr\u00eas microsc\u00f3pios confocais Zeiss (510 META, 880 e 5 LIVE) e dois\u00a0microsc\u00f3pios de fluoresc\u00eancia (Nikon Eclipse e Zeiss Apotome), os quais podem ser usados para estudos e an\u00e1lises avan\u00e7adas\u00a0de microscopia de luz. Al\u00e9m disto, um aparelho de microdissec\u00e7\u00e3o a laser, um microsc\u00f3pio digital (scanner de l\u00e2minas) para digitaliza\u00e7\u00e3o de l\u00e2minas histol\u00f3gicas, [&hellip;]<\/p>\n","protected":false},"author":1,"featured_media":0,"parent":0,"menu_order":0,"comment_status":"closed","ping_status":"open","template":"","meta":{"jetpack_post_was_ever_published":false,"footnotes":""},"class_list":["post-16","page","type-page","status-publish","hentry"],"jetpack_sharing_enabled":true,"jetpack_shortlink":"https:\/\/wp.me\/P6bplh-g","jetpack-related-posts":[],"_links":{"self":[{"href":"https:\/\/www2.icb.ufmg.br\/capi\/index.php?rest_route=\/wp\/v2\/pages\/16","targetHints":{"allow":["GET"]}}],"collection":[{"href":"https:\/\/www2.icb.ufmg.br\/capi\/index.php?rest_route=\/wp\/v2\/pages"}],"about":[{"href":"https:\/\/www2.icb.ufmg.br\/capi\/index.php?rest_route=\/wp\/v2\/types\/page"}],"author":[{"embeddable":true,"href":"https:\/\/www2.icb.ufmg.br\/capi\/index.php?rest_route=\/wp\/v2\/users\/1"}],"replies":[{"embeddable":true,"href":"https:\/\/www2.icb.ufmg.br\/capi\/index.php?rest_route=%2Fwp%2Fv2%2Fcomments&post=16"}],"version-history":[{"count":12,"href":"https:\/\/www2.icb.ufmg.br\/capi\/index.php?rest_route=\/wp\/v2\/pages\/16\/revisions"}],"predecessor-version":[{"id":1044,"href":"https:\/\/www2.icb.ufmg.br\/capi\/index.php?rest_route=\/wp\/v2\/pages\/16\/revisions\/1044"}],"wp:attachment":[{"href":"https:\/\/www2.icb.ufmg.br\/capi\/index.php?rest_route=%2Fwp%2Fv2%2Fmedia&parent=16"}],"curies":[{"name":"wp","href":"https:\/\/api.w.org\/{rel}","templated":true}]}}