{"id":153,"date":"2013-10-18T19:47:04","date_gmt":"2013-10-18T19:47:04","guid":{"rendered":"http:\/\/www.icb.ufmg.br\/capi\/?page_id=153"},"modified":"2022-05-24T10:06:47","modified_gmt":"2022-05-24T13:06:47","slug":"microtomia","status":"publish","type":"page","link":"https:\/\/www2.icb.ufmg.br\/capi\/?page_id=153","title":{"rendered":"Criostato"},"content":{"rendered":"<ul>\n<li><strong>Criostato \u2013 Leica modelos CM1850 e CM3050S<\/strong><\/li>\n<\/ul>\n<p><a href=\"https:\/\/docs.google.com\/forms\/d\/e\/1FAIpQLScQpZ_U-qlfGeOx_nXnIIuc0-hF2zQqJH0nBuYJ__ORd9MZBA\/viewform\">FORMUL\u00c1RIO ON-LINE PARA UTILIZA\u00c7\u00c3O DO CRIOSTATO<\/a><\/p>\n<p><strong>AGENDAMENTO<\/strong><\/p>\n<p>Fa\u00e7a seu cadastro atrav\u00e9s do link<\/p>\n<p><a href=\"https:\/\/capi2.skedda.com\/register?key=7da5450\">https:\/\/capi2.skedda.com\/register?key=7da5450<\/a><\/p>\n<p><a href=\"https:\/\/capi2.skedda.com\/register?key=7da5450\"><img data-recalc-dims=\"1\" loading=\"lazy\" decoding=\"async\" data-attachment-id=\"965\" data-permalink=\"https:\/\/www2.icb.ufmg.br\/capi\/?attachment_id=965\" data-orig-file=\"https:\/\/i0.wp.com\/www2.icb.ufmg.br\/capi\/wp-content\/uploads\/2018\/05\/Sem-t%C3%ADtulo.png?fit=242%2C314&amp;ssl=1\" data-orig-size=\"242,314\" data-comments-opened=\"0\" data-image-meta=\"{&quot;aperture&quot;:&quot;0&quot;,&quot;credit&quot;:&quot;&quot;,&quot;camera&quot;:&quot;&quot;,&quot;caption&quot;:&quot;&quot;,&quot;created_timestamp&quot;:&quot;0&quot;,&quot;copyright&quot;:&quot;&quot;,&quot;focal_length&quot;:&quot;0&quot;,&quot;iso&quot;:&quot;0&quot;,&quot;shutter_speed&quot;:&quot;0&quot;,&quot;title&quot;:&quot;&quot;,&quot;orientation&quot;:&quot;0&quot;}\" data-image-title=\"Sem t\u00edtulo\" data-image-description=\"\" data-image-caption=\"\" data-medium-file=\"https:\/\/i0.wp.com\/www2.icb.ufmg.br\/capi\/wp-content\/uploads\/2018\/05\/Sem-t%C3%ADtulo.png?fit=231%2C300&amp;ssl=1\" data-large-file=\"https:\/\/i0.wp.com\/www2.icb.ufmg.br\/capi\/wp-content\/uploads\/2018\/05\/Sem-t%C3%ADtulo.png?fit=242%2C314&amp;ssl=1\" class=\"alignnone wp-image-965 size-medium\" src=\"https:\/\/i0.wp.com\/www2.icb.ufmg.br\/capi\/wp-content\/uploads\/2018\/05\/Sem-t%C3%ADtulo.png?resize=231%2C300\" alt=\"\" width=\"231\" height=\"300\" srcset=\"https:\/\/i0.wp.com\/www2.icb.ufmg.br\/capi\/wp-content\/uploads\/2018\/05\/Sem-t%C3%ADtulo.png?resize=231%2C300&amp;ssl=1 231w, https:\/\/i0.wp.com\/www2.icb.ufmg.br\/capi\/wp-content\/uploads\/2018\/05\/Sem-t%C3%ADtulo.png?w=242&amp;ssl=1 242w\" sizes=\"auto, (max-width: 231px) 100vw, 231px\" \/><\/a><\/p>\n<p>O usu\u00e1rio receber\u00e1 um e-mail de confirma\u00e7\u00e3o para cadastrar login e senha.<\/p>\n<p style=\"text-align: justify;\"><strong><span style=\"color: #ff0000;\">Normas para uso do criostato<\/span><\/strong><\/p>\n<p style=\"text-align: justify;\"><b>N\u00e3o fa\u00e7a reserva a n\u00e3o ser que voc\u00ea tenha total certeza que ir\u00e1 utilizar o Criostato!<\/b><\/p>\n<p>Caso voc\u00ea tenha algum problema ou receba qualquer mensagem de erro, por favor, relate\u00a0no email do CAPI.<\/p>\n<p>&#8212;&#8211; Hor\u00e1rios &#8212;&#8211;<br \/>\nPer\u00edodo 1 &#8211; 08:00-12:00<br \/>\nPer\u00edodo 2 &#8211; 13:00-17:00<\/p>\n<p style=\"text-align: justify;\"><b>Regras para reservas de hor\u00e1rio.<\/b><br \/>\n1- <b>Cado usu\u00e1rio deve escolher um dos per\u00edodos\/hor\u00e1rios (\u201cslots\u201d) acima descritos. <\/b><br \/>\n\u2014 Ao fazer uma reserva no Skedda\u00a0voc\u00ea deve incluir o\u00a0<b>nome e sobrenome do professor respons\u00e1vel.\u00a0<\/b><br \/>\n2- <b>O hor\u00e1rio deve ser reservado com no m\u00e1ximo duas semanas de anteced\u00eancia<\/b>. As reservas com mais de duas semanas de anteced\u00eancia ser\u00e3o canceladas sem notifica\u00e7\u00e3o.<br \/>\n&#8211; Usu\u00e1rios poder\u00e3o fazer a reserva de hor\u00e1rio a partir das 12:00 h (meio dia) do dia que antecede em duas semanas a data planejada para o experimento. Por exemplo: o usu\u00e1rio que necessita utilizar o criostato no dia 20 de maio, ter\u00e1 que esperar at\u00e9 o meio dia do dia 06 de maio para efetuar a reserva no calend\u00e1rio online.<br \/>\n3. <b>Cada usu\u00e1rio tem direito a apenas um per\u00edodo de reserva por dia (ie, 4 horas).<\/b><br \/>\n4. <b>Cada usu\u00e1rio registrado tem direito a no m\u00e1ximo 2 per\u00edodos por semana n\u00e3o consecutivos (ie, 8 horas).<\/b><br \/>\n5. <b>Caso o usu\u00e1rio n\u00e3o possa cumprir ou n\u00e3o necessite de todo o per\u00edodo reservado, ser\u00e1 cobrado o valor integral do per\u00edodo reservado.<\/b><br \/>\n6. <b>Se voc\u00ea precisar cancelar sua reserva, \u00e9 necess\u00e1rio faz\u00ea-lo num per\u00edodo de 24 horas antes do hor\u00e1rio de sua reserva <\/b>(ex: se sua reserva \u00e9 ter\u00e7a-feira de 11:00 \u00e0s 14:00, \u00e9 necess\u00e1rio avisar na segunda-feira at\u00e9 \u00e1s 11:00). Dessa forma, possibilita-se que outros usu\u00e1rios utilizem o seu hor\u00e1rio. N\u00e3o ser\u00e1 cobrada taxa dos usu\u00e1rios que cancelarem sua reserva com 24 horas de anteced\u00eancia. Se o usu\u00e1rio n\u00e3o puder cancelar dentro do per\u00edodo de 24 horas que antecedem a reserva, por motivo de doen\u00e7a, acidente, etc&#8230;, n\u00e3o ser\u00e1 cobrada uma taxa equivalente ao per\u00edodo de uso do aparelho, mediante comprova\u00e7\u00e3o. No entanto, se o usuario, N\u00c3O cancelar a reserva dentro de 24 horas e n\u00e3o apresentar nenhuma justificativa, o professor respons\u00e1vel pelo usuario ser\u00e1 notificado e ser\u00e1 cobrada a taxa relativa ao tempo da reserva. Usu\u00e1rios que cancelarem repetidamente suas reservas sem notifica\u00e7\u00e3o perder\u00e3o sua autoriza\u00e7\u00e3o para utilizar o criostato.<\/p>\n<p style=\"text-align: justify;\"><b>OBS IMPORTANTES:<\/b><br \/>\n1. <b>\u00c9 EXPRESSAMENTE PROIBIDO A UTILIZA\u00c7\u00c3O DO CRIOSTATO POR PESSOAS N\u00c3O AUTORIZADAS.<\/b><br \/>\na) O pesquisador interessado em utilizar o Centro dever\u00e1 ter seu <b>Termo de compromisso<\/b> pelo Conselho Diretor, ser tecnicamente capaz de usar os equipamentos e instala\u00e7\u00f5es do Centro e\/ou contar com a ajuda t\u00e9cnica adequada e, ainda, obter recursos financeiros pr\u00f3prios para a execu\u00e7\u00e3o do projeto.<\/p>\n<p style=\"text-align: justify;\">2. <b>O nome do CAPI (Centro de Aquisi\u00e7\u00e3o e Processamento de Imagens do ICB\/UFMG) dever\u00e1 constar de todas e quaisquer publica\u00e7\u00f5es originadas de trabalhos nele realizados.<\/b> (CAPI &#8211; REGIMENTO INTERNO &#8211; Cap\u00edtulo IV, Art. 15\u00b0).<br \/>\nExemplo: The microscopy data shown in this work was obtained using the Zeiss 510 Meta confocal microscope in the Image Acquisition and Processing Center (CAPI- ICB\/UFMG).<\/p>\n","protected":false},"excerpt":{"rendered":"<p>Criostato \u2013 Leica modelos CM1850 e CM3050S FORMUL\u00c1RIO ON-LINE PARA UTILIZA\u00c7\u00c3O DO CRIOSTATO AGENDAMENTO Fa\u00e7a seu cadastro atrav\u00e9s do link https:\/\/capi2.skedda.com\/register?key=7da5450 O usu\u00e1rio receber\u00e1 um e-mail de confirma\u00e7\u00e3o para cadastrar login e senha. Normas para uso do criostato N\u00e3o fa\u00e7a reserva a n\u00e3o ser que voc\u00ea tenha total certeza que ir\u00e1 utilizar o Criostato! Caso [&hellip;]<\/p>\n","protected":false},"author":1,"featured_media":0,"parent":0,"menu_order":0,"comment_status":"closed","ping_status":"closed","template":"","meta":{"jetpack_post_was_ever_published":false,"footnotes":""},"class_list":["post-153","page","type-page","status-publish","hentry"],"jetpack_sharing_enabled":true,"jetpack_shortlink":"https:\/\/wp.me\/P6bplh-2t","jetpack-related-posts":[],"_links":{"self":[{"href":"https:\/\/www2.icb.ufmg.br\/capi\/index.php?rest_route=\/wp\/v2\/pages\/153","targetHints":{"allow":["GET"]}}],"collection":[{"href":"https:\/\/www2.icb.ufmg.br\/capi\/index.php?rest_route=\/wp\/v2\/pages"}],"about":[{"href":"https:\/\/www2.icb.ufmg.br\/capi\/index.php?rest_route=\/wp\/v2\/types\/page"}],"author":[{"embeddable":true,"href":"https:\/\/www2.icb.ufmg.br\/capi\/index.php?rest_route=\/wp\/v2\/users\/1"}],"replies":[{"embeddable":true,"href":"https:\/\/www2.icb.ufmg.br\/capi\/index.php?rest_route=%2Fwp%2Fv2%2Fcomments&post=153"}],"version-history":[{"count":28,"href":"https:\/\/www2.icb.ufmg.br\/capi\/index.php?rest_route=\/wp\/v2\/pages\/153\/revisions"}],"predecessor-version":[{"id":1363,"href":"https:\/\/www2.icb.ufmg.br\/capi\/index.php?rest_route=\/wp\/v2\/pages\/153\/revisions\/1363"}],"wp:attachment":[{"href":"https:\/\/www2.icb.ufmg.br\/capi\/index.php?rest_route=%2Fwp%2Fv2%2Fmedia&parent=153"}],"curies":[{"name":"wp","href":"https:\/\/api.w.org\/{rel}","templated":true}]}}