{"id":150,"date":"2013-10-18T19:45:21","date_gmt":"2013-10-18T19:45:21","guid":{"rendered":"http:\/\/www.icb.ufmg.br\/capi\/?page_id=150"},"modified":"2022-05-24T09:04:05","modified_gmt":"2022-05-24T12:04:05","slug":"microscopia-de-luz","status":"publish","type":"page","link":"https:\/\/www2.icb.ufmg.br\/capi\/?page_id=150","title":{"rendered":"Microdissec\u00e7\u00e3o e Scanner de L\u00e2minas"},"content":{"rendered":"<ul>\n<li><strong>Microdissec\u00e7\u00e3o a Laser \u2013 MMI Laser<\/strong><\/li>\n<li><strong>Microsc\u00f3pio Digital \u2013 Scanner de L\u00e2minas 3D Histech<\/strong><\/li>\n<\/ul>\n<p>Entrar em contato por email (capiufmg@gmail.com) ou por telefone: (31)3409-2536.<\/p>\n<p><strong>Algumas especifica\u00e7\u00f5es para utiliza\u00e7\u00e3o do Scanner de L\u00e2minas \u2013 3D Histech:<\/strong><\/p>\n<ul>\n<li>O usu\u00e1rio dever\u00e1 obrigatoriamente entregar, junto com as l\u00e2minas, um HD externo onde as imagens ser\u00e3o salvas.<\/li>\n<li>O formato da imagem \u00e9 .mrxs com compacta\u00e7\u00e3o JPEG. Para visualiz\u00e1-la \u00e9 necess\u00e1rio o programa da 3D Histech que pode ser obtido gratuitamente no site da empresa, onde pode ser feito o download. <a href=\"http:\/\/www.3dhistech.com\/pannoramic_viewer\">http:\/\/www.3dhistech.com\/pannoramic_viewer<\/a><\/li>\n<li>As l\u00e2minas devem ser padronizadas e ter obrigatoriamente as seguintes dimens\u00f5es: 76mm\/26mm\/1mm<\/li>\n<li>Favor observar o espa\u00e7o de identifica\u00e7\u00e3o da l\u00e2mina, pois esse n\u00e3o ser\u00e1 escaneado, portanto n\u00e3o deve ser colocado tecido nessa parte da l\u00e2mina.<\/li>\n<\/ul>\n","protected":false},"excerpt":{"rendered":"<p>Microdissec\u00e7\u00e3o a Laser \u2013 MMI Laser Microsc\u00f3pio Digital \u2013 Scanner de L\u00e2minas 3D Histech Entrar em contato por email (capiufmg@gmail.com) ou por telefone: (31)3409-2536. Algumas especifica\u00e7\u00f5es para utiliza\u00e7\u00e3o do Scanner de L\u00e2minas \u2013 3D Histech: O usu\u00e1rio dever\u00e1 obrigatoriamente entregar, junto com as l\u00e2minas, um HD externo onde as imagens ser\u00e3o salvas. O formato da [&hellip;]<\/p>\n","protected":false},"author":1,"featured_media":0,"parent":0,"menu_order":0,"comment_status":"closed","ping_status":"closed","template":"","meta":{"jetpack_post_was_ever_published":false,"footnotes":""},"class_list":["post-150","page","type-page","status-publish","hentry"],"jetpack_sharing_enabled":true,"jetpack_shortlink":"https:\/\/wp.me\/P6bplh-2q","jetpack-related-posts":[],"_links":{"self":[{"href":"https:\/\/www2.icb.ufmg.br\/capi\/index.php?rest_route=\/wp\/v2\/pages\/150","targetHints":{"allow":["GET"]}}],"collection":[{"href":"https:\/\/www2.icb.ufmg.br\/capi\/index.php?rest_route=\/wp\/v2\/pages"}],"about":[{"href":"https:\/\/www2.icb.ufmg.br\/capi\/index.php?rest_route=\/wp\/v2\/types\/page"}],"author":[{"embeddable":true,"href":"https:\/\/www2.icb.ufmg.br\/capi\/index.php?rest_route=\/wp\/v2\/users\/1"}],"replies":[{"embeddable":true,"href":"https:\/\/www2.icb.ufmg.br\/capi\/index.php?rest_route=%2Fwp%2Fv2%2Fcomments&post=150"}],"version-history":[{"count":11,"href":"https:\/\/www2.icb.ufmg.br\/capi\/index.php?rest_route=\/wp\/v2\/pages\/150\/revisions"}],"predecessor-version":[{"id":1222,"href":"https:\/\/www2.icb.ufmg.br\/capi\/index.php?rest_route=\/wp\/v2\/pages\/150\/revisions\/1222"}],"wp:attachment":[{"href":"https:\/\/www2.icb.ufmg.br\/capi\/index.php?rest_route=%2Fwp%2Fv2%2Fmedia&parent=150"}],"curies":[{"name":"wp","href":"https:\/\/api.w.org\/{rel}","templated":true}]}}