{"id":14,"date":"2013-10-18T13:14:40","date_gmt":"2013-10-18T13:14:40","guid":{"rendered":"http:\/\/www.icb.ufmg.br\/capi\/?page_id=14"},"modified":"2025-10-13T12:03:11","modified_gmt":"2025-10-13T15:03:11","slug":"historia","status":"publish","type":"page","link":"https:\/\/www2.icb.ufmg.br\/capi\/","title":{"rendered":""},"content":{"rendered":"<h1 class=\"wp-block wp-block-post-title block-editor-block-list__block editor-post-title editor-post-title__input rich-text is-selected\" role=\"textbox\" contenteditable=\"true\" aria-label=\"Adicionar t\u00edtulo\" aria-multiline=\"true\">O CAPI<\/h1>\n<p style=\"text-align: justify;\">O Centro de Aquisi\u00e7\u00e3o e Processamento de Imagens (CAPI) \u00a0\u00e9 um \u00f3rg\u00e3o complementar vinculado ao ICB-UFMG criado pelo Conselho Universit\u00e1rio da UFMG atrav\u00e9s da Resolu\u00e7\u00e3o Complementar n\u00ba 04\/2013 de 18 de junho de 2013 que aprovou mudan\u00e7a de nome do antigo Centro de Microscopia Eletr\u00f4nica do ICB, o CEMEL.<\/p>\n<p style=\"text-align: justify;\">O CAPI \u00e9 um centro multiusu\u00e1rio que possui infraestrutura em v\u00e1rias \u00e1reas da pesquisa cient\u00edfica que utilizam como m\u00e9todo de estudo a captura e an\u00e1lises morfom\u00e9tricas de imagens digitais, tais como confocal, disseca\u00e7\u00e3o a laser e esc\u00e2ner de l\u00e2minas e g\u00e9is.<\/p>\n<p><strong>Nossa Miss\u00e3o:<\/strong><\/p>\n<p style=\"text-align: justify;\">O Centro de Aquisi\u00e7\u00e3o e Processamento de Imagens do ICB-UFMG tem como miss\u00e3o proporcionar infraestrutura em t\u00e9cnicas que envolvam captura e an\u00e1lise de imagens digitais com o objetivo de dar suporte a pesquisas cient\u00edficas em desenvolvimento na UFMG e em outras institui\u00e7\u00f5es, bem como na forma\u00e7\u00e3o de recursos humanos atrav\u00e9s de atividades de ensino e de extens\u00e3o.<\/p>\n<p>Regra de Agendamento<\/p>\n<p><span style=\"background-color: #ff0000; color: #ffffff;\"><strong>Aten\u00e7\u00e3o:<\/strong> Cada orientador est\u00e1 limitado a dois slots (per\u00edodos de 4h seja na parte da manh\u00e3 ou da tarde) por semana. Favor n\u00e3o marcar o dia inteiro.\u00a0<\/span><\/p>\n<p><a href=\"https:\/\/docs.google.com\/forms\/d\/1SVQ0vsfjkpNIwa6k0j1IjqYiWsTYG5UUlXNj9Sv8Z7Y\/edit\">Click aqui ou na imagem abaixo para a pesquisa de satisfa\u00e7\u00e3o<\/a><\/p>\n<p><a href=\"https:\/\/docs.google.com\/forms\/d\/1SVQ0vsfjkpNIwa6k0j1IjqYiWsTYG5UUlXNj9Sv8Z7Y\/edit\"><img loading=\"lazy\" decoding=\"async\" data-attachment-id=\"1472\" data-permalink=\"https:\/\/www2.icb.ufmg.br\/capi\/?attachment_id=1472\" data-orig-file=\"https:\/\/www2.icb.ufmg.br\/capi\/wp-content\/uploads\/2024\/09\/pesquisa_satisfacao.bmp\" data-orig-size=\"343,147\" data-comments-opened=\"0\" data-image-meta=\"{&quot;aperture&quot;:&quot;0&quot;,&quot;credit&quot;:&quot;&quot;,&quot;camera&quot;:&quot;&quot;,&quot;caption&quot;:&quot;&quot;,&quot;created_timestamp&quot;:&quot;0&quot;,&quot;copyright&quot;:&quot;&quot;,&quot;focal_length&quot;:&quot;0&quot;,&quot;iso&quot;:&quot;0&quot;,&quot;shutter_speed&quot;:&quot;0&quot;,&quot;title&quot;:&quot;&quot;,&quot;orientation&quot;:&quot;0&quot;}\" data-image-title=\"pesquisa_satisfacao\" data-image-description=\"\" data-image-caption=\"\" data-medium-file=\"https:\/\/www2.icb.ufmg.br\/capi\/wp-content\/uploads\/2024\/09\/pesquisa_satisfacao.bmp\" data-large-file=\"https:\/\/www2.icb.ufmg.br\/capi\/wp-content\/uploads\/2024\/09\/pesquisa_satisfacao.bmp\" class=\"alignnone size-full wp-image-1472\" src=\"http:\/\/www2.icb.ufmg.br\/capi\/wp-content\/uploads\/2024\/09\/pesquisa_satisfacao.bmp\" alt=\"\" width=\"343\" height=\"147\" \/><\/a><\/p>\n<p><a href=\"https:\/\/www2.icb.ufmg.br\/capi\/?page_id=23\">Click aqui para acessar as regras de agendamento.<\/a><\/p>\n<p><a href=\"https:\/\/docs.google.com\/forms\/d\/e\/1FAIpQLSeIxjTnOFjfwYx--IhXsEJXJT3N-DdrPoWMcavT2IkL8dBNNw\/viewform\">Click aqui para preencher o formul\u00e1rio para solicita\u00e7\u00e3o de cancelamento de hor\u00e1rios.<\/a><\/p>\n\n","protected":false},"excerpt":{"rendered":"<p>O CAPI O Centro de Aquisi\u00e7\u00e3o e Processamento de Imagens (CAPI) \u00a0\u00e9 um \u00f3rg\u00e3o complementar vinculado ao ICB-UFMG criado pelo Conselho Universit\u00e1rio da UFMG atrav\u00e9s da Resolu\u00e7\u00e3o Complementar n\u00ba 04\/2013 de 18 de junho de 2013 que aprovou mudan\u00e7a de nome do antigo Centro de Microscopia Eletr\u00f4nica do ICB, o CEMEL. O CAPI \u00e9 um [&hellip;]<\/p>\n","protected":false},"author":1,"featured_media":0,"parent":0,"menu_order":0,"comment_status":"closed","ping_status":"open","template":"","meta":{"jetpack_post_was_ever_published":false,"footnotes":""},"class_list":["post-14","page","type-page","status-publish","hentry"],"jetpack_sharing_enabled":true,"jetpack_shortlink":"https:\/\/wp.me\/P6bplh-e","jetpack-related-posts":[],"_links":{"self":[{"href":"https:\/\/www2.icb.ufmg.br\/capi\/index.php?rest_route=\/wp\/v2\/pages\/14","targetHints":{"allow":["GET"]}}],"collection":[{"href":"https:\/\/www2.icb.ufmg.br\/capi\/index.php?rest_route=\/wp\/v2\/pages"}],"about":[{"href":"https:\/\/www2.icb.ufmg.br\/capi\/index.php?rest_route=\/wp\/v2\/types\/page"}],"author":[{"embeddable":true,"href":"https:\/\/www2.icb.ufmg.br\/capi\/index.php?rest_route=\/wp\/v2\/users\/1"}],"replies":[{"embeddable":true,"href":"https:\/\/www2.icb.ufmg.br\/capi\/index.php?rest_route=%2Fwp%2Fv2%2Fcomments&post=14"}],"version-history":[{"count":35,"href":"https:\/\/www2.icb.ufmg.br\/capi\/index.php?rest_route=\/wp\/v2\/pages\/14\/revisions"}],"predecessor-version":[{"id":1529,"href":"https:\/\/www2.icb.ufmg.br\/capi\/index.php?rest_route=\/wp\/v2\/pages\/14\/revisions\/1529"}],"wp:attachment":[{"href":"https:\/\/www2.icb.ufmg.br\/capi\/index.php?rest_route=%2Fwp%2Fv2%2Fmedia&parent=14"}],"curies":[{"name":"wp","href":"https:\/\/api.w.org\/{rel}","templated":true}]}}