{"id":1385,"date":"2023-03-23T14:54:18","date_gmt":"2023-03-23T17:54:18","guid":{"rendered":"https:\/\/www2.icb.ufmg.br\/capi\/?page_id=1385"},"modified":"2026-01-23T20:35:32","modified_gmt":"2026-01-23T23:35:32","slug":"leica-tirf-hp-sr","status":"publish","type":"page","link":"https:\/\/www2.icb.ufmg.br\/capi\/?page_id=1385","title":{"rendered":"Leica TIRF\/GSD HP"},"content":{"rendered":"\n<h1 style=\"text-align: center;\">\u00a0<\/h1>\n<ul>\n<li>Valor de aquisi\u00e7\u00e3o: EUR 246.600,00<\/li>\n<li>Forma de aquisi\u00e7\u00e3o: FINEP<\/li>\n<li>Ano de aquisi\u00e7\u00e3o: 2021<\/li>\n<li>Proced\u00eancia: Wetzlar, Alemanha<\/li>\n<li>Empresa: Leica Microsystems<\/li>\n<li>Coordenador do projeto: prof. Dawidson Assis Gomes<\/li>\n<\/ul>\n<p>\u00a0<\/p>\n<p><img data-recalc-dims=\"1\" loading=\"lazy\" decoding=\"async\" data-attachment-id=\"1393\" data-permalink=\"https:\/\/www2.icb.ufmg.br\/capi\/?attachment_id=1393\" data-orig-file=\"https:\/\/i0.wp.com\/www2.icb.ufmg.br\/capi\/wp-content\/uploads\/2023\/03\/Visao-geral-1-scaled-e1679595792690.jpeg?fit=1683%2C1068&amp;ssl=1\" data-orig-size=\"1683,1068\" data-comments-opened=\"0\" data-image-meta=\"{&quot;aperture&quot;:&quot;1.8&quot;,&quot;credit&quot;:&quot;&quot;,&quot;camera&quot;:&quot;SM-G980F&quot;,&quot;caption&quot;:&quot;&quot;,&quot;created_timestamp&quot;:&quot;1650270701&quot;,&quot;copyright&quot;:&quot;&quot;,&quot;focal_length&quot;:&quot;5.4&quot;,&quot;iso&quot;:&quot;160&quot;,&quot;shutter_speed&quot;:&quot;0.016666666666667&quot;,&quot;title&quot;:&quot;&quot;,&quot;orientation&quot;:&quot;1&quot;}\" data-image-title=\"Vis\u00e3o geral 1\" data-image-description=\"\" data-image-caption=\"\" data-medium-file=\"https:\/\/i0.wp.com\/www2.icb.ufmg.br\/capi\/wp-content\/uploads\/2023\/03\/Visao-geral-1-scaled-e1679595792690.jpeg?fit=300%2C190&amp;ssl=1\" data-large-file=\"https:\/\/i0.wp.com\/www2.icb.ufmg.br\/capi\/wp-content\/uploads\/2023\/03\/Visao-geral-1-scaled-e1679595792690.jpeg?fit=625%2C397&amp;ssl=1\" class=\"wp-image-1393 aligncenter\" src=\"https:\/\/i0.wp.com\/www2.icb.ufmg.br\/capi\/wp-content\/uploads\/2023\/03\/Visao-geral-1-scaled-e1679595792690-300x190.jpeg?resize=371%2C235\" alt=\"\" width=\"371\" height=\"235\" srcset=\"https:\/\/i0.wp.com\/www2.icb.ufmg.br\/capi\/wp-content\/uploads\/2023\/03\/Visao-geral-1-scaled-e1679595792690.jpeg?resize=300%2C190&amp;ssl=1 300w, https:\/\/i0.wp.com\/www2.icb.ufmg.br\/capi\/wp-content\/uploads\/2023\/03\/Visao-geral-1-scaled-e1679595792690.jpeg?resize=1024%2C650&amp;ssl=1 1024w, https:\/\/i0.wp.com\/www2.icb.ufmg.br\/capi\/wp-content\/uploads\/2023\/03\/Visao-geral-1-scaled-e1679595792690.jpeg?resize=768%2C487&amp;ssl=1 768w, https:\/\/i0.wp.com\/www2.icb.ufmg.br\/capi\/wp-content\/uploads\/2023\/03\/Visao-geral-1-scaled-e1679595792690.jpeg?resize=1536%2C975&amp;ssl=1 1536w, https:\/\/i0.wp.com\/www2.icb.ufmg.br\/capi\/wp-content\/uploads\/2023\/03\/Visao-geral-1-scaled-e1679595792690.jpeg?resize=624%2C396&amp;ssl=1 624w, https:\/\/i0.wp.com\/www2.icb.ufmg.br\/capi\/wp-content\/uploads\/2023\/03\/Visao-geral-1-scaled-e1679595792690.jpeg?w=1683&amp;ssl=1 1683w, https:\/\/i0.wp.com\/www2.icb.ufmg.br\/capi\/wp-content\/uploads\/2023\/03\/Visao-geral-1-scaled-e1679595792690.jpeg?w=1250 1250w\" sizes=\"auto, (max-width: 371px) 100vw, 371px\" \/><\/p>\n<p>O sistema inclui um microsc\u00f3pio invertido Leica DMi8 com sistema motorizado para troca de objetivas e pode ser utilizado para as t\u00e9cnicas de fluoresc\u00eancia e luz transmitida. Compondo o microsc\u00f3pio, temos:<\/p>\n<p>\u00a0Objetivas: \u00a0\u00a0\u00a0\u00a0HC PL APO 10x\/0.45<\/p>\n<p>\u00a0 \u00a0 \u00a0 \u00a0 \u00a0 \u00a0 \u00a0 \u00a0 \u00a0 \u00a0 \u00a0\u00a0HC PL APO 63x\/1.47 oil Corr TIRF<\/p>\n<p>\u00a0 \u00a0 \u00a0 \u00a0 \u00a0 \u00a0 \u00a0 \u00a0 \u00a0 \u00a0 \u00a0 HC PL APO 100x\/ 1.47 oil Corr TIRF<\/p>\n<p>\u00a0 \u00a0 \u00a0 \u00a0 \u00a0 \u00a0\u00a0\u00a0 \u00a0 \u00a0 \u00a0 \u00a0 HC PL APO 160x\/ 1.43 oil Corr GSD SR<\/p>\n<p><span style=\"font-size: revert;\">Cubo de filtros:\u00a0 \u00a0 DAPI (ex 350\/50 em 460\/50nm)<\/span><\/p>\n<p>\u00a0 \u00a0 \u00a0 \u00a0 \u00a0 \u00a0 \u00a0 \u00a0 \u00a0 \u00a0 \u00a0 \u00a0 \u00a0 \u00a0 \u00a0 \u00a0FITC (ex 480\/40 em 527\/30 nm)<\/p>\n<p>\u00a0 \u00a0 \u00a0 \u00a0 \u00a0 \u00a0 \u00a0 \u00a0 \u00a0 \u00a0 \u00a0 \u00a0 \u00a0 \u00a0 \u00a0 \u00a0RHOD (ex\u00a0546\/10 em \u00a0585\/40nm)<\/p>\n<p>\u00a0\u00a0\u00a0\u00a0\u00a0\u00a0\u00a0\u00a0\u00a0\u00a0\u00a0\u00a0\u00a0\u00a0\u00a0\u00a0\u00a0\u00a0\u00a0\u00a0\u00a0\u00a0\u00a0\u00a0\u00a0\u00a0\u00a0\u00a0\u00a0\u00a0\u00a0QWF-T (ex400\/28, 490\/20, 561\/15, 640\/20nm \u00a0em: 448\/48, 531\/32, 598\/40 e 705\/90 nm)<\/p>\n<p>Stage Scanning motorizado\u00a0<br \/><br \/>Z-Focus com foco motorizado + AFC (Adaptive Focus Control)<\/p>\n<p>Ilumina\u00e7\u00e3o:\u00a0 \u00a0 \u00a0\u00a0\u00a0TL \u2013 LED<\/p>\n<p>\u00a0 \u00a0 \u00a0 \u00a0 \u00a0 \u00a0 \u00a0 \u00a0 \u00a0 \u00a0 \u00a0 \u00a0 \u00a0 Fluoresc\u00eancia- \u00a0Merc\u00fario HXP<\/p>\n<p>\u00a0\u00a0\u00a0\u00a0\u00a0\u00a0\u00a0\u00a0\u00a0\u00a0\u00a0\u00a0\u00a0\u00a0\u00a0\u00a0\u00a0\u00a0\u00a0\u00a0\u00a0\u00a0\u00a0\u00a0\u00a0\u00a0Lasers High Power: \u00a0405, 488, 561 e 638 nm<\/p>\n<p>O microsc\u00f3pio possui uma grande incubadora modular, Incubator i8- Black LS segura para laser e feita para uma incuba\u00e7\u00e3o controlada de ar quente. Al\u00e9m da incubadora, o sistema apresenta controle de temperatura (TempController 2000-2), controle de \u00a0aquecimento (Heating Unit 2000), controle de CO<sub>2<\/sub> e umidade.<\/p>\n<p>Acoplado ao microsc\u00f3pio Leica DMi8, temos o m\u00f3dulo Infinity TIRF High Power (HP). Este m\u00f3dulo permite o uso da microscopia TIRF e fornece a capacidade de obter imagens de super-resolu\u00e7\u00e3o. Com os lasers de alta pot\u00eancia, o sistema pode criar e analisar imagens com uma resolu\u00e7\u00e3o de at\u00e9 20 nm, nas t\u00e9cnicas de rastreamento de part\u00edcula de mol\u00e9cula \u00fanica, GSD, dSTORM e uPaint.<\/p>\n<p>A captura das imagens \u00e9 realizada por uma C\u00e2mera CMOS Photometric Prime 95B 1.4mp, com \u00a095% QE e pixel size de 11 \u03bcm<\/p>\n<p>O sistema possui uma mesa anti-vibra\u00e7\u00e3o ativa, Table Stable TS-300 600 x 800 x 120 mm<br \/><br \/>O Workstation de aquisi\u00e7\u00e3o \u00e9 um LAS X Workstation HP Z4G4<\/p>\n<p>Todo o sistema \u00e9 gerenciado pelo software LAS X, onde conta com recursos de processamento e an\u00e1lise de imagens.<\/p>\n<p><a href=\"https:\/\/www.leica-microsystems.com\/pt\/produtos\/software-para-microscopia\/p\/leica-las-x-ls\/downloads\/\">Clique aqui para fazer download do Leica &#8211; LAS X<\/a><\/p>\n","protected":false},"excerpt":{"rendered":"<p>\u00a0 Valor de aquisi\u00e7\u00e3o: EUR 246.600,00 Forma de aquisi\u00e7\u00e3o: FINEP Ano de aquisi\u00e7\u00e3o: 2021 Proced\u00eancia: Wetzlar, Alemanha Empresa: Leica Microsystems Coordenador do projeto: prof. Dawidson Assis Gomes \u00a0 O sistema inclui um microsc\u00f3pio invertido Leica DMi8 com sistema motorizado para troca de objetivas e pode ser utilizado para as t\u00e9cnicas de fluoresc\u00eancia e luz transmitida. [&hellip;]<\/p>\n","protected":false},"author":1,"featured_media":0,"parent":0,"menu_order":0,"comment_status":"closed","ping_status":"closed","template":"","meta":{"jetpack_post_was_ever_published":false,"footnotes":""},"class_list":["post-1385","page","type-page","status-publish","hentry"],"jetpack_sharing_enabled":true,"jetpack_shortlink":"https:\/\/wp.me\/P6bplh-ml","jetpack-related-posts":[],"_links":{"self":[{"href":"https:\/\/www2.icb.ufmg.br\/capi\/index.php?rest_route=\/wp\/v2\/pages\/1385","targetHints":{"allow":["GET"]}}],"collection":[{"href":"https:\/\/www2.icb.ufmg.br\/capi\/index.php?rest_route=\/wp\/v2\/pages"}],"about":[{"href":"https:\/\/www2.icb.ufmg.br\/capi\/index.php?rest_route=\/wp\/v2\/types\/page"}],"author":[{"embeddable":true,"href":"https:\/\/www2.icb.ufmg.br\/capi\/index.php?rest_route=\/wp\/v2\/users\/1"}],"replies":[{"embeddable":true,"href":"https:\/\/www2.icb.ufmg.br\/capi\/index.php?rest_route=%2Fwp%2Fv2%2Fcomments&post=1385"}],"version-history":[{"count":8,"href":"https:\/\/www2.icb.ufmg.br\/capi\/index.php?rest_route=\/wp\/v2\/pages\/1385\/revisions"}],"predecessor-version":[{"id":1551,"href":"https:\/\/www2.icb.ufmg.br\/capi\/index.php?rest_route=\/wp\/v2\/pages\/1385\/revisions\/1551"}],"wp:attachment":[{"href":"https:\/\/www2.icb.ufmg.br\/capi\/index.php?rest_route=%2Fwp%2Fv2%2Fmedia&parent=1385"}],"curies":[{"name":"wp","href":"https:\/\/api.w.org\/{rel}","templated":true}]}}