{"id":1377,"date":"2023-03-23T12:31:12","date_gmt":"2023-03-23T15:31:12","guid":{"rendered":"https:\/\/www2.icb.ufmg.br\/capi\/?page_id=1377"},"modified":"2023-03-23T15:08:18","modified_gmt":"2023-03-23T18:08:18","slug":"confocal-spinning-disk","status":"publish","type":"page","link":"https:\/\/www2.icb.ufmg.br\/capi\/?page_id=1377","title":{"rendered":"Confocal Spinning Disk"},"content":{"rendered":"\n<h1 style=\"text-align: center;\"><strong><b>MICROSC\u00d3PIO CONFOCAL <\/b><\/strong><strong><b>S<\/b><\/strong><strong><b>PINNING DISK<\/b><\/strong><strong><b>\u00a0YOKOGAWA &#8211; 3i<\/b><\/strong><\/h1>\n<ul>\n<li>Valor de aquisi\u00e7\u00e3o: DOLAR 251.085,58<\/li>\n<li>Forma de aquisi\u00e7\u00e3o: FINEP<\/li>\n<li>Ano de aquisi\u00e7\u00e3o: 2022<\/li>\n<li>Proced\u00eancia:Denver, EUA<\/li>\n<li>Empresa: 3i &#8211; Intelligent Imaging Innovations<\/li>\n<\/ul>\n<h3><strong><em><i>Descri\u00e7\u00e3o do Equipamento:<\/i><\/em><\/strong><\/h3>\n<h3><strong><em><i><a href=\"https:\/\/i0.wp.com\/www2.icb.ufmg.br\/capi\/wp-content\/uploads\/2023\/03\/20230306_100257-scaled.jpg\"><img data-recalc-dims=\"1\" loading=\"lazy\" decoding=\"async\" data-attachment-id=\"1390\" data-permalink=\"https:\/\/www2.icb.ufmg.br\/capi\/?attachment_id=1390\" data-orig-file=\"https:\/\/i0.wp.com\/www2.icb.ufmg.br\/capi\/wp-content\/uploads\/2023\/03\/20230306_100257-scaled.jpg?fit=1153%2C2560&amp;ssl=1\" data-orig-size=\"1153,2560\" data-comments-opened=\"0\" data-image-meta=\"{&quot;aperture&quot;:&quot;1.8&quot;,&quot;credit&quot;:&quot;&quot;,&quot;camera&quot;:&quot;SM-G980F&quot;,&quot;caption&quot;:&quot;&quot;,&quot;created_timestamp&quot;:&quot;1678096977&quot;,&quot;copyright&quot;:&quot;&quot;,&quot;focal_length&quot;:&quot;5.4&quot;,&quot;iso&quot;:&quot;200&quot;,&quot;shutter_speed&quot;:&quot;0.025&quot;,&quot;title&quot;:&quot;&quot;,&quot;orientation&quot;:&quot;1&quot;}\" data-image-title=\"20230306_100257\" data-image-description=\"\" data-image-caption=\"\" data-medium-file=\"https:\/\/i0.wp.com\/www2.icb.ufmg.br\/capi\/wp-content\/uploads\/2023\/03\/20230306_100257-scaled.jpg?fit=135%2C300&amp;ssl=1\" data-large-file=\"https:\/\/i0.wp.com\/www2.icb.ufmg.br\/capi\/wp-content\/uploads\/2023\/03\/20230306_100257-scaled.jpg?fit=461%2C1024&amp;ssl=1\" class=\"wp-image-1390 alignright\" src=\"https:\/\/i0.wp.com\/www2.icb.ufmg.br\/capi\/wp-content\/uploads\/2023\/03\/20230306_100257.jpg?resize=177%2C393\" alt=\"\" width=\"177\" height=\"393\" srcset=\"https:\/\/i0.wp.com\/www2.icb.ufmg.br\/capi\/wp-content\/uploads\/2023\/03\/20230306_100257-scaled.jpg?resize=135%2C300&amp;ssl=1 135w, https:\/\/i0.wp.com\/www2.icb.ufmg.br\/capi\/wp-content\/uploads\/2023\/03\/20230306_100257-scaled.jpg?resize=461%2C1024&amp;ssl=1 461w, https:\/\/i0.wp.com\/www2.icb.ufmg.br\/capi\/wp-content\/uploads\/2023\/03\/20230306_100257-scaled.jpg?resize=768%2C1705&amp;ssl=1 768w, https:\/\/i0.wp.com\/www2.icb.ufmg.br\/capi\/wp-content\/uploads\/2023\/03\/20230306_100257-scaled.jpg?resize=692%2C1536&amp;ssl=1 692w, https:\/\/i0.wp.com\/www2.icb.ufmg.br\/capi\/wp-content\/uploads\/2023\/03\/20230306_100257-scaled.jpg?resize=922%2C2048&amp;ssl=1 922w, https:\/\/i0.wp.com\/www2.icb.ufmg.br\/capi\/wp-content\/uploads\/2023\/03\/20230306_100257-scaled.jpg?resize=624%2C1385&amp;ssl=1 624w, https:\/\/i0.wp.com\/www2.icb.ufmg.br\/capi\/wp-content\/uploads\/2023\/03\/20230306_100257-scaled.jpg?w=1153&amp;ssl=1 1153w\" sizes=\"auto, (max-width: 177px) 100vw, 177px\" \/><\/a><\/i><\/em><\/strong><\/h3>\n<p><em><i>\u00a0<\/i><\/em>O sistema inclui um \u00a0Microsc\u00f3pio Upright \u00a0Zeiss Axio Examiner D1 Advanced VIVO para t\u00e9cnicas de fluoresc\u00eancia e luz transmitida, com as seguintes especifica\u00e7\u00f5es:<\/p>\n<p>\u00a0 Objetivas: \u00a0\u00a0\u00a0\u00a0EC Plan-NEOFLUR 10x NA 0,3<\/p>\n<p>\u00a0 \u00a0 \u00a0 \u00a0 \u00a0 \u00a0 \u00a0 \u00a0 \u00a0 \u00a0 \u00a0\u00a0\u00a0LD Plan-NEOFLUR\u00a0 20x NA 0,4 Korr<\/p>\n<p>\u00a0 \u00a0 \u00a0 \u00a0 \u00a0 \u00a0 \u00a0 \u00a0 \u00a0 \u00a0 \u00a0 \u00a0W Plano-Apo 20x NA 1.0 Water Dipping for VIVO<\/p>\n<p>\u00a0 \u00a0 \u00a0 \u00a0 \u00a0 \u00a0 \u00a0 \u00a0 \u00a0 \u00a0 \u00a0 \u00a0EC Plan-NEOFLUR 40x NA 1,3 Oil DIC<\/p>\n<p>\u00a0 \u00a0 \u00a0 \u00a0 \u00a0 \u00a0 \u00a0 \u00a0 \u00a0 \u00a0 \u00a0 \u00a0Plan-APOCHROMAT\u00a0 63x NA 1,4 Oil DIC<\/p>\n<p>Cubo de filtros:\u00a0 \u00a0 \u00a0DAPI (ex 405 em 457nm)<\/p>\n<p>\u00a0 \u00a0 \u00a0 \u00a0 \u00a0 \u00a0 \u00a0 \u00a0 \u00a0 \u00a0 \u00a0 \u00a0 \u00a0 \u00a0 \u00a0 \u00a0FITC (ex 488 em 528nm)<\/p>\n<p>\u00a0 \u00a0 \u00a0 \u00a0 \u00a0 \u00a0 \u00a0 \u00a0 \u00a0 \u00a0 \u00a0 \u00a0 \u00a0 \u00a0 \u00a0 \u00a0Cy3 (ex 561 em 617nm)<\/p>\n<p>Stage manual X,Y\u00a0<\/p>\n<p>\u00a0Ilumina\u00e7\u00e3o:\u00a0 \u00a0 \u00a0\u00a0\u00a0TL \u2013 LED<\/p>\n<p>\u00a0 Fluor- X-Cite mini com 385nm UV LED<\/p>\n<p>A Unidade de Scanner Confocal CSU-W1 Yokogawa possui um\u00a0campo de vis\u00e3o confocal mais amplo, fornecendo a aquisi\u00e7\u00e3o de imagens com uma resolu\u00e7\u00e3o \u00a0mais clara\u00a0e \u00a0maior rapidez. A Unidade de Scanner cont\u00e9m: <br \/><br \/>Scanhead:\u00a0 \u00a0 \u00a0\u00a0\u00a0\u00a0\u00a0\u00a0Yokogawa CSU- W1<\/p>\n<p>\u00a0 \u00a0 \u00a0 \u00a0 \u00a0 \u00a0 \u00a0 \u00a0 \u00a0 \u00a0 \u00a0 \u00a0 \u00a0 \u00a0Disco de microlentes<\/p>\n<p>\u00a0 \u00a0 \u00a0 \u00a0 \u00a0 \u00a0 \u00a0 \u00a0 \u00a0 \u00a0 \u00a0 \u00a0 \u00a0 \u00a0Disco com pinholes de 50\u00a0\u03bcm &#8211; velocidade m\u00e1x 4.000 rpm &#8211;<\/p>\n<p>\u00a0 \u00a0 \u00a0 \u00a0 \u00a0 \u00a0 \u00a0 \u00a0 \u00a0 \u00a0 \u00a0 \u00a0 \u00a0 \u00a0Velocidade de aquisi\u00e7\u00e3o: 200 fps<\/p>\n<p>\u00a0 \u00a0 \u00a0 \u00a0 \u00a0 \u00a0 \u00a0 \u00a0 \u00a0 \u00a0 \u00a0 \u00a0 \u00a0 \u00a0Dicroicos: 405, 488 e 561 nm<\/p>\n<p>\u00a0 \u00a0 \u00a0 \u00a0 \u00a0 \u00a0 \u00a0 \u00a0 \u00a0 \u00a0 \u00a0 \u00a0 \u00a0 \u00a0Filtro de barreira( emiss\u00e3o):\u00a0Bandpass 445\/45, 525\/30 e 617\/73nm<\/p>\n<p>A ilumina\u00e7\u00e3o do sistema confocal \u00e9 atrav\u00e9s das linhas de Laser \u00a0405, 488 e 561 nm. Os lasers s\u00e3o controlados \u00a0por um um \u00a0Laser Stack v4 \u00a0e sincronizado pelo TTL para o software SlideBook<br \/><br \/>Acoplado ao sistema, temos uma C\u00e2mera CMOS Teledyne Prime BSI Express 4.2mp, com \u00a095% QE e pixel size de 6,5 \u03bcm<\/p>\n<p>O sistema possui uma mesa de isolamento de vibra\u00e7\u00e3o TMC CleanBench 900&#215;900 com ar comprimido. (nitrog\u00eanio).<\/p>\n<p>O Workstation de aquisi\u00e7\u00e3o \u00e9 um \u00a0Dell 110 Dual 8-Core Xeon Bronze e monitor de 27&#8243; 4k.<\/p>\n<p>Todo o sistema \u00e9 gerenciado \u00a0pelo software SlideBook da 3i.<\/p>\n","protected":false},"excerpt":{"rendered":"<p>MICROSC\u00d3PIO CONFOCAL SPINNING DISK\u00a0YOKOGAWA &#8211; 3i Valor de aquisi\u00e7\u00e3o: DOLAR 251.085,58 Forma de aquisi\u00e7\u00e3o: FINEP Ano de aquisi\u00e7\u00e3o: 2022 Proced\u00eancia:Denver, EUA Empresa: 3i &#8211; Intelligent Imaging Innovations Descri\u00e7\u00e3o do Equipamento: \u00a0O sistema inclui um \u00a0Microsc\u00f3pio Upright \u00a0Zeiss Axio Examiner D1 Advanced VIVO para t\u00e9cnicas de fluoresc\u00eancia e luz transmitida, com as seguintes especifica\u00e7\u00f5es: \u00a0 Objetivas: [&hellip;]<\/p>\n","protected":false},"author":1,"featured_media":0,"parent":0,"menu_order":0,"comment_status":"closed","ping_status":"closed","template":"","meta":{"jetpack_post_was_ever_published":false,"footnotes":""},"class_list":["post-1377","page","type-page","status-publish","hentry"],"jetpack_sharing_enabled":true,"jetpack_shortlink":"https:\/\/wp.me\/P6bplh-md","jetpack-related-posts":[],"_links":{"self":[{"href":"https:\/\/www2.icb.ufmg.br\/capi\/index.php?rest_route=\/wp\/v2\/pages\/1377","targetHints":{"allow":["GET"]}}],"collection":[{"href":"https:\/\/www2.icb.ufmg.br\/capi\/index.php?rest_route=\/wp\/v2\/pages"}],"about":[{"href":"https:\/\/www2.icb.ufmg.br\/capi\/index.php?rest_route=\/wp\/v2\/types\/page"}],"author":[{"embeddable":true,"href":"https:\/\/www2.icb.ufmg.br\/capi\/index.php?rest_route=\/wp\/v2\/users\/1"}],"replies":[{"embeddable":true,"href":"https:\/\/www2.icb.ufmg.br\/capi\/index.php?rest_route=%2Fwp%2Fv2%2Fcomments&post=1377"}],"version-history":[{"count":2,"href":"https:\/\/www2.icb.ufmg.br\/capi\/index.php?rest_route=\/wp\/v2\/pages\/1377\/revisions"}],"predecessor-version":[{"id":1391,"href":"https:\/\/www2.icb.ufmg.br\/capi\/index.php?rest_route=\/wp\/v2\/pages\/1377\/revisions\/1391"}],"wp:attachment":[{"href":"https:\/\/www2.icb.ufmg.br\/capi\/index.php?rest_route=%2Fwp%2Fv2%2Fmedia&parent=1377"}],"curies":[{"name":"wp","href":"https:\/\/api.w.org\/{rel}","templated":true}]}}