{"id":134,"date":"2013-10-18T19:30:24","date_gmt":"2013-10-18T19:30:24","guid":{"rendered":"http:\/\/www.icb.ufmg.br\/capi\/?page_id=134"},"modified":"2015-06-17T23:58:40","modified_gmt":"2015-06-18T02:58:40","slug":"treinamentos","status":"publish","type":"page","link":"https:\/\/www2.icb.ufmg.br\/capi\/?page_id=134","title":{"rendered":"Treinamentos"},"content":{"rendered":"<p><em><strong>1. Typhoon<\/strong><\/em><br \/>\nTreinamento: sob demanda<br \/>\nCoordenadora: Profa. Silvia Guatimosim<\/p>\n<p><em><strong>2. Criostato Leica<\/strong><\/em><br \/>\nTreinamento: sob demanda<br \/>\nCoordenador: H\u00e9lio Chiarini-Garcia<\/p>\n<p><em><strong>3. Micr\u00f3tomo de resina<\/strong><\/em><br \/>\nTreinamento: sob demanda<br \/>\nCoordenador: H\u00e9lio Chiarini-Garcia<\/p>\n<p><em><strong>4. Microscopia de Fluoresc\u00eancia<\/strong><\/em>\u00a0(usu\u00e1rio com conhecimento de microscopia)<br \/>\nTreinamento: sob demanda<br \/>\nCoordenador: Dawidson Assis Gomes<\/p>\n","protected":false},"excerpt":{"rendered":"<p>1. Typhoon Treinamento: sob demanda Coordenadora: Profa. Silvia Guatimosim 2. Criostato Leica Treinamento: sob demanda Coordenador: H\u00e9lio Chiarini-Garcia 3. Micr\u00f3tomo de resina Treinamento: sob demanda Coordenador: H\u00e9lio Chiarini-Garcia 4. Microscopia de Fluoresc\u00eancia\u00a0(usu\u00e1rio com conhecimento de microscopia) Treinamento: sob demanda Coordenador: Dawidson Assis Gomes<\/p>\n","protected":false},"author":1,"featured_media":0,"parent":0,"menu_order":0,"comment_status":"closed","ping_status":"closed","template":"","meta":{"jetpack_post_was_ever_published":false,"footnotes":""},"class_list":["post-134","page","type-page","status-publish","hentry"],"jetpack_sharing_enabled":true,"jetpack_shortlink":"https:\/\/wp.me\/P6bplh-2a","jetpack-related-posts":[],"_links":{"self":[{"href":"https:\/\/www2.icb.ufmg.br\/capi\/index.php?rest_route=\/wp\/v2\/pages\/134","targetHints":{"allow":["GET"]}}],"collection":[{"href":"https:\/\/www2.icb.ufmg.br\/capi\/index.php?rest_route=\/wp\/v2\/pages"}],"about":[{"href":"https:\/\/www2.icb.ufmg.br\/capi\/index.php?rest_route=\/wp\/v2\/types\/page"}],"author":[{"embeddable":true,"href":"https:\/\/www2.icb.ufmg.br\/capi\/index.php?rest_route=\/wp\/v2\/users\/1"}],"replies":[{"embeddable":true,"href":"https:\/\/www2.icb.ufmg.br\/capi\/index.php?rest_route=%2Fwp%2Fv2%2Fcomments&post=134"}],"version-history":[{"count":1,"href":"https:\/\/www2.icb.ufmg.br\/capi\/index.php?rest_route=\/wp\/v2\/pages\/134\/revisions"}],"predecessor-version":[{"id":135,"href":"https:\/\/www2.icb.ufmg.br\/capi\/index.php?rest_route=\/wp\/v2\/pages\/134\/revisions\/135"}],"wp:attachment":[{"href":"https:\/\/www2.icb.ufmg.br\/capi\/index.php?rest_route=%2Fwp%2Fv2%2Fmedia&parent=134"}],"curies":[{"name":"wp","href":"https:\/\/api.w.org\/{rel}","templated":true}]}}