{"id":132,"date":"2013-10-18T19:31:15","date_gmt":"2013-10-18T19:31:15","guid":{"rendered":"http:\/\/www.icb.ufmg.br\/capi\/?page_id=132"},"modified":"2022-05-24T11:16:34","modified_gmt":"2022-05-24T14:16:34","slug":"graduacao-em-ciencias-biologicas","status":"publish","type":"page","link":"https:\/\/www2.icb.ufmg.br\/capi\/?page_id=132","title":{"rendered":"Gradua\u00e7\u00e3o em Ci\u00eancias Biol\u00f3gicas"},"content":{"rendered":"<p><strong>Disciplina: T\u00f3picos em Biologia Celular I<\/strong><br \/>\nMOF025 \u2013 CH 45 horas \u2013 3 cr\u00e9ditos<br \/>\nCoordenado pelo Prof. Jos\u00e9 Dias Corr\u00eaa J\u00fanior<br \/>\nFrequ\u00eancia: anual (2\u00ba semestre)<\/p>\n","protected":false},"excerpt":{"rendered":"<p>Disciplina: T\u00f3picos em Biologia Celular I MOF025 \u2013 CH 45 horas \u2013 3 cr\u00e9ditos Coordenado pelo Prof. Jos\u00e9 Dias Corr\u00eaa J\u00fanior Frequ\u00eancia: anual (2\u00ba semestre)<\/p>\n","protected":false},"author":1,"featured_media":0,"parent":0,"menu_order":0,"comment_status":"closed","ping_status":"closed","template":"","meta":{"jetpack_post_was_ever_published":false,"footnotes":""},"class_list":["post-132","page","type-page","status-publish","hentry"],"jetpack_sharing_enabled":true,"jetpack_shortlink":"https:\/\/wp.me\/P6bplh-28","jetpack-related-posts":[],"_links":{"self":[{"href":"https:\/\/www2.icb.ufmg.br\/capi\/index.php?rest_route=\/wp\/v2\/pages\/132","targetHints":{"allow":["GET"]}}],"collection":[{"href":"https:\/\/www2.icb.ufmg.br\/capi\/index.php?rest_route=\/wp\/v2\/pages"}],"about":[{"href":"https:\/\/www2.icb.ufmg.br\/capi\/index.php?rest_route=\/wp\/v2\/types\/page"}],"author":[{"embeddable":true,"href":"https:\/\/www2.icb.ufmg.br\/capi\/index.php?rest_route=\/wp\/v2\/users\/1"}],"replies":[{"embeddable":true,"href":"https:\/\/www2.icb.ufmg.br\/capi\/index.php?rest_route=%2Fwp%2Fv2%2Fcomments&post=132"}],"version-history":[{"count":2,"href":"https:\/\/www2.icb.ufmg.br\/capi\/index.php?rest_route=\/wp\/v2\/pages\/132\/revisions"}],"predecessor-version":[{"id":1257,"href":"https:\/\/www2.icb.ufmg.br\/capi\/index.php?rest_route=\/wp\/v2\/pages\/132\/revisions\/1257"}],"wp:attachment":[{"href":"https:\/\/www2.icb.ufmg.br\/capi\/index.php?rest_route=%2Fwp%2Fv2%2Fmedia&parent=132"}],"curies":[{"name":"wp","href":"https:\/\/api.w.org\/{rel}","templated":true}]}}