{"id":130,"date":"2013-10-18T19:32:07","date_gmt":"2013-10-18T19:32:07","guid":{"rendered":"http:\/\/www.icb.ufmg.br\/capi\/?page_id=130"},"modified":"2015-06-17T23:58:40","modified_gmt":"2015-06-18T02:58:40","slug":"ppg-bioquimica-e-imunologia","status":"publish","type":"page","link":"https:\/\/www2.icb.ufmg.br\/capi\/?page_id=130","title":{"rendered":"PPG Bioqu\u00edmica e Imunologia"},"content":{"rendered":"<p><strong>Disciplina: T\u00e9cnicas de microscopia de fluoresc\u00eancia e confocal (te\u00f3rica)<\/strong><br \/>\nTema: Microscopia Confocal e de fluoresc\u00eancia<br \/>\nCH 15 horas \u2013 1 cr\u00e9dito<br \/>\nCoordenado pelo Prof. Dawidson Assis Gomes<br \/>\nFrequ\u00eancia: anual (2\u00ba quinzena de novembro)<\/p>\n<p><strong>Disciplina: M\u00e9todos de microscopia de fluoresc\u00eancia e confocal (pr\u00e1tica)<\/strong><br \/>\nTema: Microscopia Confocal e de fluoresc\u00eancia<br \/>\nCH 15 horas \u2013 1 cr\u00e9dito<br \/>\nCoordenado pelo Prof. Dawidson Assis Gomes<br \/>\nFrequ\u00eancia: anual (2\u00ba quinzena de novembro)<\/p>\n","protected":false},"excerpt":{"rendered":"<p>Disciplina: T\u00e9cnicas de microscopia de fluoresc\u00eancia e confocal (te\u00f3rica) Tema: Microscopia Confocal e de fluoresc\u00eancia CH 15 horas \u2013 1 cr\u00e9dito Coordenado pelo Prof. Dawidson Assis Gomes Frequ\u00eancia: anual (2\u00ba quinzena de novembro) Disciplina: M\u00e9todos de microscopia de fluoresc\u00eancia e confocal (pr\u00e1tica) Tema: Microscopia Confocal e de fluoresc\u00eancia CH 15 horas \u2013 1 cr\u00e9dito Coordenado [&hellip;]<\/p>\n","protected":false},"author":1,"featured_media":0,"parent":0,"menu_order":0,"comment_status":"closed","ping_status":"closed","template":"","meta":{"jetpack_post_was_ever_published":false,"footnotes":""},"class_list":["post-130","page","type-page","status-publish","hentry"],"jetpack_sharing_enabled":true,"jetpack_shortlink":"https:\/\/wp.me\/P6bplh-26","jetpack-related-posts":[],"_links":{"self":[{"href":"https:\/\/www2.icb.ufmg.br\/capi\/index.php?rest_route=\/wp\/v2\/pages\/130","targetHints":{"allow":["GET"]}}],"collection":[{"href":"https:\/\/www2.icb.ufmg.br\/capi\/index.php?rest_route=\/wp\/v2\/pages"}],"about":[{"href":"https:\/\/www2.icb.ufmg.br\/capi\/index.php?rest_route=\/wp\/v2\/types\/page"}],"author":[{"embeddable":true,"href":"https:\/\/www2.icb.ufmg.br\/capi\/index.php?rest_route=\/wp\/v2\/users\/1"}],"replies":[{"embeddable":true,"href":"https:\/\/www2.icb.ufmg.br\/capi\/index.php?rest_route=%2Fwp%2Fv2%2Fcomments&post=130"}],"version-history":[{"count":3,"href":"https:\/\/www2.icb.ufmg.br\/capi\/index.php?rest_route=\/wp\/v2\/pages\/130\/revisions"}],"predecessor-version":[{"id":552,"href":"https:\/\/www2.icb.ufmg.br\/capi\/index.php?rest_route=\/wp\/v2\/pages\/130\/revisions\/552"}],"wp:attachment":[{"href":"https:\/\/www2.icb.ufmg.br\/capi\/index.php?rest_route=%2Fwp%2Fv2%2Fmedia&parent=130"}],"curies":[{"name":"wp","href":"https:\/\/api.w.org\/{rel}","templated":true}]}}