{"id":128,"date":"2013-10-18T19:32:08","date_gmt":"2013-10-18T19:32:08","guid":{"rendered":"http:\/\/www.icb.ufmg.br\/capi\/?page_id=128"},"modified":"2015-06-17T23:58:40","modified_gmt":"2015-06-18T02:58:40","slug":"ppg-patologia-faculdade-de-medicina","status":"publish","type":"page","link":"https:\/\/www2.icb.ufmg.br\/capi\/?page_id=128","title":{"rendered":"PPG Patologia &#8211; Faculdade de Medicina"},"content":{"rendered":"<p><strong>Disciplina: T\u00f3picos em Patologia I<\/strong><br \/>\nTema: Microdissec\u00e7\u00e3o a Laser<br \/>\nAPM858 \u2013 CH 15 horas \u2013 1 cr\u00e9dito<br \/>\nCoordenador: Prof. Geovanni Dantas Cassali<br \/>\nFrequ\u00eancia: semestral<\/p>\n<p><strong>Disciplina: T\u00f3picos em Patologia I<\/strong><br \/>\nTema: Microscopia Digital (esc\u00e2ner de l\u00e2minas)<br \/>\nAPM858 \u2013 CH 15 horas \u2013 1 cr\u00e9dito<br \/>\nCcoordenador: Prof. Geovanni Dantas Cassali<br \/>\nFrequ\u00eancia: semestral<\/p>\n","protected":false},"excerpt":{"rendered":"<p>Disciplina: T\u00f3picos em Patologia I Tema: Microdissec\u00e7\u00e3o a Laser APM858 \u2013 CH 15 horas \u2013 1 cr\u00e9dito Coordenador: Prof. Geovanni Dantas Cassali Frequ\u00eancia: semestral Disciplina: T\u00f3picos em Patologia I Tema: Microscopia Digital (esc\u00e2ner de l\u00e2minas) APM858 \u2013 CH 15 horas \u2013 1 cr\u00e9dito Ccoordenador: Prof. Geovanni Dantas Cassali Frequ\u00eancia: semestral<\/p>\n","protected":false},"author":1,"featured_media":0,"parent":0,"menu_order":0,"comment_status":"closed","ping_status":"closed","template":"","meta":{"jetpack_post_was_ever_published":false,"footnotes":""},"class_list":["post-128","page","type-page","status-publish","hentry"],"jetpack_sharing_enabled":true,"jetpack_shortlink":"https:\/\/wp.me\/P6bplh-24","jetpack-related-posts":[],"_links":{"self":[{"href":"https:\/\/www2.icb.ufmg.br\/capi\/index.php?rest_route=\/wp\/v2\/pages\/128","targetHints":{"allow":["GET"]}}],"collection":[{"href":"https:\/\/www2.icb.ufmg.br\/capi\/index.php?rest_route=\/wp\/v2\/pages"}],"about":[{"href":"https:\/\/www2.icb.ufmg.br\/capi\/index.php?rest_route=\/wp\/v2\/types\/page"}],"author":[{"embeddable":true,"href":"https:\/\/www2.icb.ufmg.br\/capi\/index.php?rest_route=\/wp\/v2\/users\/1"}],"replies":[{"embeddable":true,"href":"https:\/\/www2.icb.ufmg.br\/capi\/index.php?rest_route=%2Fwp%2Fv2%2Fcomments&post=128"}],"version-history":[{"count":1,"href":"https:\/\/www2.icb.ufmg.br\/capi\/index.php?rest_route=\/wp\/v2\/pages\/128\/revisions"}],"predecessor-version":[{"id":129,"href":"https:\/\/www2.icb.ufmg.br\/capi\/index.php?rest_route=\/wp\/v2\/pages\/128\/revisions\/129"}],"wp:attachment":[{"href":"https:\/\/www2.icb.ufmg.br\/capi\/index.php?rest_route=%2Fwp%2Fv2%2Fmedia&parent=128"}],"curies":[{"name":"wp","href":"https:\/\/api.w.org\/{rel}","templated":true}]}}