{"id":126,"date":"2013-10-18T19:32:05","date_gmt":"2013-10-18T19:32:05","guid":{"rendered":"http:\/\/www.icb.ufmg.br\/capi\/?page_id=126"},"modified":"2015-06-17T23:58:40","modified_gmt":"2015-06-18T02:58:40","slug":"ppg-biologia-celular","status":"publish","type":"page","link":"https:\/\/www2.icb.ufmg.br\/capi\/?page_id=126","title":{"rendered":"PPG Biologia Celular"},"content":{"rendered":"<h1><strong><a href=\"http:\/\/www.pgbiologiacelular.icb.ufmg.br\/grade.php\" target=\"_blank\">www.pgbiologiacelular.<wbr \/>icb.ufmg.br\/grade.php<\/a><\/strong><\/h1>\n<p><strong>Disciplina: Microscopia Eletr\u00f4nica de Varredura<\/strong><br \/>\nMOF876 \u2013 CH 60 horas \u2013 4 cr\u00e9ditos<br \/>\nCoordenadora: Prof. H\u00e9lio Chiarini-Garcia<br \/>\nFrequ\u00eancia: anual \u2013 2\u00ba semestre<\/p>\n<p><strong>Disciplina: Microscopia Eletr\u00f4nica de Transmiss\u00e3o<\/strong><br \/>\nMOF875 \u2013 CH 60 horas \u2013 4 cr\u00e9ditos<br \/>\nCoordenadora: Prof. Elizabeth Ribeiro da Silva<br \/>\nFrequ\u00eancia: anual \u2013 2\u00ba semestre<\/p>\n<p><strong>Disciplina:<\/strong>\u00a0<strong>Imunohistoqu\u00edmica<\/strong><br \/>\nMOF 881 \u2013 CH 30 horas \u2013 2 cr\u00e9ditos<br \/>\nCoordenador: Prof. Gregory Thomas Kitten<br \/>\nFrequ\u00eancia: anual &#8211; 1\u00ba semestre<\/p>\n<p><strong>T\u00f3picos Especiais em Biologia Celular III<\/strong><br \/>\nTema: Microscopia Confocal<br \/>\nMOF888 \u2013 45 horas \u2013 3 cr\u00e9ditos<br \/>\nCoordenador: Prof. Gregory Thomas Kitten<br \/>\nFrequ\u00eancia: semestral<\/p>\n<p>&nbsp;<\/p>\n","protected":false},"excerpt":{"rendered":"<p>www.pgbiologiacelular.icb.ufmg.br\/grade.php Disciplina: Microscopia Eletr\u00f4nica de Varredura MOF876 \u2013 CH 60 horas \u2013 4 cr\u00e9ditos Coordenadora: Prof. H\u00e9lio Chiarini-Garcia Frequ\u00eancia: anual \u2013 2\u00ba semestre Disciplina: Microscopia Eletr\u00f4nica de Transmiss\u00e3o MOF875 \u2013 CH 60 horas \u2013 4 cr\u00e9ditos Coordenadora: Prof. Elizabeth Ribeiro da Silva Frequ\u00eancia: anual \u2013 2\u00ba semestre Disciplina:\u00a0Imunohistoqu\u00edmica MOF 881 \u2013 CH 30 horas \u2013 [&hellip;]<\/p>\n","protected":false},"author":1,"featured_media":0,"parent":0,"menu_order":0,"comment_status":"closed","ping_status":"closed","template":"","meta":{"jetpack_post_was_ever_published":false,"footnotes":""},"class_list":["post-126","page","type-page","status-publish","hentry"],"jetpack_sharing_enabled":true,"jetpack_shortlink":"https:\/\/wp.me\/P6bplh-22","jetpack-related-posts":[],"_links":{"self":[{"href":"https:\/\/www2.icb.ufmg.br\/capi\/index.php?rest_route=\/wp\/v2\/pages\/126","targetHints":{"allow":["GET"]}}],"collection":[{"href":"https:\/\/www2.icb.ufmg.br\/capi\/index.php?rest_route=\/wp\/v2\/pages"}],"about":[{"href":"https:\/\/www2.icb.ufmg.br\/capi\/index.php?rest_route=\/wp\/v2\/types\/page"}],"author":[{"embeddable":true,"href":"https:\/\/www2.icb.ufmg.br\/capi\/index.php?rest_route=\/wp\/v2\/users\/1"}],"replies":[{"embeddable":true,"href":"https:\/\/www2.icb.ufmg.br\/capi\/index.php?rest_route=%2Fwp%2Fv2%2Fcomments&post=126"}],"version-history":[{"count":3,"href":"https:\/\/www2.icb.ufmg.br\/capi\/index.php?rest_route=\/wp\/v2\/pages\/126\/revisions"}],"predecessor-version":[{"id":188,"href":"https:\/\/www2.icb.ufmg.br\/capi\/index.php?rest_route=\/wp\/v2\/pages\/126\/revisions\/188"}],"wp:attachment":[{"href":"https:\/\/www2.icb.ufmg.br\/capi\/index.php?rest_route=%2Fwp%2Fv2%2Fmedia&parent=126"}],"curies":[{"name":"wp","href":"https:\/\/api.w.org\/{rel}","templated":true}]}}