{"id":124,"date":"2013-10-18T19:31:27","date_gmt":"2013-10-18T19:31:27","guid":{"rendered":"http:\/\/www.icb.ufmg.br\/capi\/?page_id=124"},"modified":"2015-06-17T23:58:40","modified_gmt":"2015-06-18T02:58:40","slug":"pos-graduacao","status":"publish","type":"page","link":"https:\/\/www2.icb.ufmg.br\/capi\/?page_id=124","title":{"rendered":"P\u00f3s Gradua\u00e7\u00e3o"},"content":{"rendered":"<p><em><strong>1) Programa de P\u00f3s-Gradua\u00e7\u00e3o em Biologia Celular<\/strong><\/em><\/p>\n<p><a href=\"http:\/\/www.pgbiologiacelular.icb.ufmg.br\">www.pgbiologiacelular.icb.ufmg.br<\/a> \u2013 (31)3409.2774<\/p>\n<p><em><strong>2) Programa de P\u00f3s-Gradua\u00e7\u00e3o em Patologia da Faculdade de Medicina<\/strong><\/em><\/p>\n<p><a href=\"http:\/\/www.medicina.ufmg.br\/cpg\/programas\/patologia\">www.medicina.ufmg.br\/cpg\/programas\/patologia<\/a> \u2013 (31)3409.9641<\/p>\n<p><em><strong>3) Programa de P\u00f3s-Gradua\u00e7\u00e3o em Bioqu\u00edmica e Imunologia<\/strong><\/em><\/p>\n<p><a href=\"http:\/\/www.pgbiq.icb.ufmg.br\">www.pgbiq.icb.ufmg.br<\/a> \u2013 (31)3409.2615<\/p>\n","protected":false},"excerpt":{"rendered":"<p>1) Programa de P\u00f3s-Gradua\u00e7\u00e3o em Biologia Celular www.pgbiologiacelular.icb.ufmg.br \u2013 (31)3409.2774 2) Programa de P\u00f3s-Gradua\u00e7\u00e3o em Patologia da Faculdade de Medicina www.medicina.ufmg.br\/cpg\/programas\/patologia \u2013 (31)3409.9641 3) Programa de P\u00f3s-Gradua\u00e7\u00e3o em Bioqu\u00edmica e Imunologia www.pgbiq.icb.ufmg.br \u2013 (31)3409.2615<\/p>\n","protected":false},"author":1,"featured_media":0,"parent":0,"menu_order":0,"comment_status":"closed","ping_status":"closed","template":"","meta":{"jetpack_post_was_ever_published":false,"footnotes":""},"class_list":["post-124","page","type-page","status-publish","hentry"],"jetpack_sharing_enabled":true,"jetpack_shortlink":"https:\/\/wp.me\/P6bplh-20","jetpack-related-posts":[],"_links":{"self":[{"href":"https:\/\/www2.icb.ufmg.br\/capi\/index.php?rest_route=\/wp\/v2\/pages\/124","targetHints":{"allow":["GET"]}}],"collection":[{"href":"https:\/\/www2.icb.ufmg.br\/capi\/index.php?rest_route=\/wp\/v2\/pages"}],"about":[{"href":"https:\/\/www2.icb.ufmg.br\/capi\/index.php?rest_route=\/wp\/v2\/types\/page"}],"author":[{"embeddable":true,"href":"https:\/\/www2.icb.ufmg.br\/capi\/index.php?rest_route=\/wp\/v2\/users\/1"}],"replies":[{"embeddable":true,"href":"https:\/\/www2.icb.ufmg.br\/capi\/index.php?rest_route=%2Fwp%2Fv2%2Fcomments&post=124"}],"version-history":[{"count":2,"href":"https:\/\/www2.icb.ufmg.br\/capi\/index.php?rest_route=\/wp\/v2\/pages\/124\/revisions"}],"predecessor-version":[{"id":136,"href":"https:\/\/www2.icb.ufmg.br\/capi\/index.php?rest_route=\/wp\/v2\/pages\/124\/revisions\/136"}],"wp:attachment":[{"href":"https:\/\/www2.icb.ufmg.br\/capi\/index.php?rest_route=%2Fwp%2Fv2%2Fmedia&parent=124"}],"curies":[{"name":"wp","href":"https:\/\/api.w.org\/{rel}","templated":true}]}}